{"id":895,"date":"2022-06-22T16:17:39","date_gmt":"2022-06-22T21:17:39","guid":{"rendered":"https:\/\/cmillar.co\/?page_id=895"},"modified":"2022-06-24T22:37:40","modified_gmt":"2022-06-25T03:37:40","slug":"maquila","status":"publish","type":"page","link":"https:\/\/cmillar.co\/en\/maquila\/","title":{"rendered":"Maquila"},"content":{"rendered":"<div data-elementor-type=\"wp-page\" data-elementor-id=\"895\" class=\"elementor elementor-895\">\n\t\t\t\t\t\t\t\t\t<section class=\"elementor-section elementor-top-section elementor-element elementor-element-457645a elementor-section-boxed elementor-section-height-default elementor-section-height-default\" data-id=\"457645a\" data-element_type=\"section\" data-settings=\"{&quot;background_background&quot;:&quot;classic&quot;}\">\n\t\t\t\t\t\t\t<div class=\"elementor-background-overlay\"><\/div>\n\t\t\t\t\t\t\t<div class=\"elementor-container elementor-column-gap-default\">\n\t\t\t\t\t<div class=\"elementor-column elementor-col-100 elementor-top-column elementor-element elementor-element-49a53e3\" data-id=\"49a53e3\" data-element_type=\"column\">\n\t\t\t<div class=\"elementor-widget-wrap elementor-element-populated\">\n\t\t\t\t\t\t\t\t<section class=\"elementor-section elementor-inner-section elementor-element elementor-element-d6abfa9 elementor-section-boxed elementor-section-height-default elementor-section-height-default\" data-id=\"d6abfa9\" data-element_type=\"section\">\n\t\t\t\t\t\t<div class=\"elementor-container elementor-column-gap-default\">\n\t\t\t\t\t<div class=\"elementor-column elementor-col-100 elementor-inner-column elementor-element elementor-element-9e396bf\" data-id=\"9e396bf\" data-element_type=\"column\" data-settings=\"{&quot;background_background&quot;:&quot;classic&quot;}\">\n\t\t\t<div class=\"elementor-widget-wrap elementor-element-populated\">\n\t\t\t\t\t\t\t\t<div class=\"elementor-element elementor-element-7974de4 elementor-widget elementor-widget-heading\" data-id=\"7974de4\" data-element_type=\"widget\" data-widget_type=\"heading.default\">\n\t\t\t\t<div class=\"elementor-widget-container\">\n\t\t\t<style>\/*! elementor - v3.13.1 - 09-05-2023 *\/\n.elementor-heading-title{padding:0;margin:0;line-height:1}.elementor-widget-heading .elementor-heading-title[class*=elementor-size-]>a{color:inherit;font-size:inherit;line-height:inherit}.elementor-widget-heading .elementor-heading-title.elementor-size-small{font-size:15px}.elementor-widget-heading .elementor-heading-title.elementor-size-medium{font-size:19px}.elementor-widget-heading .elementor-heading-title.elementor-size-large{font-size:29px}.elementor-widget-heading .elementor-heading-title.elementor-size-xl{font-size:39px}.elementor-widget-heading .elementor-heading-title.elementor-size-xxl{font-size:59px}<\/style><h2 class=\"elementor-heading-title elementor-size-default\">Maquila<\/h2>\t\t<\/div>\n\t\t\t\t<\/div>\n\t\t\t\t\t<\/div>\n\t\t<\/div>\n\t\t\t\t\t\t\t<\/div>\n\t\t<\/section>\n\t\t\t\t\t<\/div>\n\t\t<\/div>\n\t\t\t\t\t\t\t<\/div>\n\t\t<\/section>\n\t\t\t\t<section class=\"elementor-section elementor-top-section elementor-element elementor-element-8dd4e30 elementor-section-full_width elementor-section-height-default elementor-section-height-default\" data-id=\"8dd4e30\" data-element_type=\"section\">\n\t\t\t\t\t\t<div class=\"elementor-container elementor-column-gap-default\">\n\t\t\t\t\t<div class=\"elementor-column elementor-col-100 elementor-top-column elementor-element elementor-element-f0a05e5\" data-id=\"f0a05e5\" data-element_type=\"column\">\n\t\t\t<div class=\"elementor-widget-wrap elementor-element-populated\">\n\t\t\t\t\t\t\t\t<section class=\"elementor-section elementor-inner-section elementor-element elementor-element-e86736e elementor-section-boxed elementor-section-height-default elementor-section-height-default\" data-id=\"e86736e\" data-element_type=\"section\">\n\t\t\t\t\t\t<div class=\"elementor-container elementor-column-gap-no\">\n\t\t\t\t\t<div class=\"elementor-column elementor-col-100 elementor-inner-column elementor-element elementor-element-0a43270\" data-id=\"0a43270\" data-element_type=\"column\">\n\t\t\t<div class=\"elementor-widget-wrap elementor-element-populated\">\n\t\t\t\t\t\t\t\t<div class=\"elementor-element elementor-element-138ac2f elementor-widget elementor-widget-text-editor\" data-id=\"138ac2f\" data-element_type=\"widget\" data-widget_type=\"text-editor.default\">\n\t\t\t\t<div class=\"elementor-widget-container\">\n\t\t\t<style>\/*! elementor - v3.13.1 - 09-05-2023 *\/\n.elementor-widget-text-editor.elementor-drop-cap-view-stacked .elementor-drop-cap{background-color:#69727d;color:#fff}.elementor-widget-text-editor.elementor-drop-cap-view-framed .elementor-drop-cap{color:#69727d;border:3px solid;background-color:transparent}.elementor-widget-text-editor:not(.elementor-drop-cap-view-default) .elementor-drop-cap{margin-top:8px}.elementor-widget-text-editor:not(.elementor-drop-cap-view-default) .elementor-drop-cap-letter{width:1em;height:1em}.elementor-widget-text-editor .elementor-drop-cap{float:left;text-align:center;line-height:1;font-size:50px}.elementor-widget-text-editor .elementor-drop-cap-letter{display:inline-block}<\/style>\t\t\t\t<p>400,000 UNITS PER MONTH<\/p>\t\t\t\t\t\t<\/div>\n\t\t\t\t<\/div>\n\t\t\t\t\t<\/div>\n\t\t<\/div>\n\t\t\t\t\t\t\t<\/div>\n\t\t<\/section>\n\t\t\t\t<section class=\"elementor-section elementor-inner-section elementor-element elementor-element-872160c elementor-section-full_width animated-slow elementor-section-height-default elementor-section-height-default elementor-invisible\" data-id=\"872160c\" data-element_type=\"section\" data-settings=\"{&quot;animation&quot;:&quot;fadeInUp&quot;}\">\n\t\t\t\t\t\t<div class=\"elementor-container elementor-column-gap-no\">\n\t\t\t\t\t<div class=\"elementor-column elementor-col-50 elementor-inner-column elementor-element elementor-element-e4f567c animated-slow elementor-invisible\" data-id=\"e4f567c\" data-element_type=\"column\" data-settings=\"{&quot;animation&quot;:&quot;fadeInUp&quot;,&quot;animation_delay&quot;:40}\">\n\t\t\t<div class=\"elementor-widget-wrap elementor-element-populated\">\n\t\t\t\t\t\t\t\t<div class=\"elementor-element elementor-element-45513d5 elementor-widget elementor-widget-jkit_team\" data-id=\"45513d5\" data-element_type=\"widget\" data-widget_type=\"jkit_team.default\">\n\t\t\t\t<div class=\"elementor-widget-container\">\n\t\t\t<div  class=\"jeg-elementor-kit jkit-team style-overlay overlay-bottom jeg_module___69f596ff57b33\" ><div class=\"profile-card\"><img decoding=\"async\" src=\"https:\/\/cmillar.co\/wp-content\/uploads\/2022\/04\/blonde-fashion-designer-in-her-workshop.jpg\"  alt=\"Cotizaci\u00f3n\">\n                <div class=\"hover-area alignment-bottom\"><div class=\"profile-body\">\n                <h3 class=\"profile-title\">Quote<\/h3>\n                <p class=\"profile-designation\"><\/p>\n                <p class=\"profile-content\">2 a 4 d\u00edas h\u00e1biles<\/p>\n                <ul class=\"social-list\"><\/ul>\n            <\/div><\/div>\n            <\/div><\/div>\t\t<\/div>\n\t\t\t\t<\/div>\n\t\t\t\t\t<\/div>\n\t\t<\/div>\n\t\t\t\t<div class=\"elementor-column elementor-col-50 elementor-inner-column elementor-element elementor-element-0a00024 animated-slow elementor-invisible\" data-id=\"0a00024\" data-element_type=\"column\" data-settings=\"{&quot;animation&quot;:&quot;fadeInUp&quot;,&quot;animation_delay&quot;:120}\">\n\t\t\t<div class=\"elementor-widget-wrap elementor-element-populated\">\n\t\t\t\t\t\t\t\t<div class=\"elementor-element elementor-element-2f6cee1 elementor-widget elementor-widget-jkit_team\" data-id=\"2f6cee1\" data-element_type=\"widget\" data-widget_type=\"jkit_team.default\">\n\t\t\t\t<div class=\"elementor-widget-container\">\n\t\t\t<div  class=\"jeg-elementor-kit jkit-team style-overlay overlay-bottom jeg_module__1_69f596ff604f7\" ><div class=\"profile-card\"><img decoding=\"async\" src=\"https:\/\/cmillar.co\/wp-content\/uploads\/2022\/04\/the-woman-chooses-the-fabric-on-the-sofa-textile-industry-background-tissue-catalog.jpg\"  alt=\"Recepci\u00f3n de la mercanc\u00eda \">\n                <div class=\"hover-area alignment-bottom\"><div class=\"profile-body\">\n                <h2 class=\"profile-title\">Reception of the merchandise <\/h2>\n                <p class=\"profile-designation\"><\/p>\n                <p class=\"profile-content\">Validaci\u00f3n de los insumos y materias primas \n1 a 2 d\u00edas h\u00e1biles<\/p>\n                <ul class=\"social-list\"><\/ul>\n            <\/div><\/div>\n            <\/div><\/div>\t\t<\/div>\n\t\t\t\t<\/div>\n\t\t\t\t\t<\/div>\n\t\t<\/div>\n\t\t\t\t\t\t\t<\/div>\n\t\t<\/section>\n\t\t\t\t<section class=\"elementor-section elementor-inner-section elementor-element elementor-element-d9f589e elementor-section-full_width animated-slow elementor-section-height-default elementor-section-height-default elementor-invisible\" data-id=\"d9f589e\" data-element_type=\"section\" data-settings=\"{&quot;animation&quot;:&quot;fadeInUp&quot;}\">\n\t\t\t\t\t\t<div class=\"elementor-container elementor-column-gap-no\">\n\t\t\t\t\t<div class=\"elementor-column elementor-col-50 elementor-inner-column elementor-element elementor-element-e926b59 animated-slow elementor-invisible\" data-id=\"e926b59\" data-element_type=\"column\" data-settings=\"{&quot;animation&quot;:&quot;fadeInUp&quot;,&quot;animation_delay&quot;:160}\">\n\t\t\t<div class=\"elementor-widget-wrap elementor-element-populated\">\n\t\t\t\t\t\t\t\t<div class=\"elementor-element elementor-element-d2d300a elementor-widget elementor-widget-jkit_team\" data-id=\"d2d300a\" data-element_type=\"widget\" data-widget_type=\"jkit_team.default\">\n\t\t\t\t<div class=\"elementor-widget-container\">\n\t\t\t<div  class=\"jeg-elementor-kit jkit-team style-overlay overlay-bottom jeg_module__2_69f596ff66ad8\" ><div class=\"profile-card\"><img decoding=\"async\" src=\"https:\/\/cmillar.co\/wp-content\/uploads\/2022\/04\/seamstress-takes-zipper-in-textile-workshop.jpg\"  alt=\"Confecci\u00f3n\">\n                <div class=\"hover-area alignment-bottom\"><div class=\"profile-body\">\n                <h2 class=\"profile-title\">Making<\/h2>\n                <p class=\"profile-designation\"><\/p>\n                <p class=\"profile-content\">We have 26 production modules of our own, which allows us to meet the expectations and commitments of our customers. Delivery times depend on the volume and the process to be carried out.<\/p>\n                <ul class=\"social-list\"><\/ul>\n            <\/div><\/div>\n            <\/div><\/div>\t\t<\/div>\n\t\t\t\t<\/div>\n\t\t\t\t\t<\/div>\n\t\t<\/div>\n\t\t\t\t<div class=\"elementor-column elementor-col-50 elementor-inner-column elementor-element elementor-element-c9234e7 animated-slow elementor-invisible\" data-id=\"c9234e7\" data-element_type=\"column\" data-settings=\"{&quot;animation&quot;:&quot;fadeInUp&quot;,&quot;animation_delay&quot;:40}\">\n\t\t\t<div class=\"elementor-widget-wrap elementor-element-populated\">\n\t\t\t\t\t\t\t\t<div class=\"elementor-element elementor-element-e62a3b3 elementor-widget elementor-widget-jkit_team\" data-id=\"e62a3b3\" data-element_type=\"widget\" data-widget_type=\"jkit_team.default\">\n\t\t\t\t<div class=\"elementor-widget-container\">\n\t\t\t<div  class=\"jeg-elementor-kit jkit-team style-overlay overlay-bottom jeg_module__3_69f596ff6cb83\" ><div class=\"profile-card\"><img decoding=\"async\" src=\"https:\/\/cmillar.co\/wp-content\/uploads\/2022\/04\/beautiful-fashion-designer-thoughtfully-working-with-new-textile.jpg\"  alt=\"Calidad y empaque\">\n                <div class=\"hover-area alignment-bottom\"><div class=\"profile-body\">\n                <h2 class=\"profile-title\">Calidad y empaque<\/h2>\n                <p class=\"profile-designation\"><\/p>\n                <p class=\"profile-content\">1 to 2 business days. We comply with the current regulations for the national and international dispatch of merchandise. Additionally, we have an area with more than 50 people for finishing and packaging according to the needs of our clients.<\/p>\n                <ul class=\"social-list\"><\/ul>\n            <\/div><\/div>\n            <\/div><\/div>\t\t<\/div>\n\t\t\t\t<\/div>\n\t\t\t\t\t<\/div>\n\t\t<\/div>\n\t\t\t\t\t\t\t<\/div>\n\t\t<\/section>\n\t\t\t\t\t<\/div>\n\t\t<\/div>\n\t\t\t\t\t\t\t<\/div>\n\t\t<\/section>\n\t\t\t\t<section class=\"elementor-section elementor-top-section elementor-element elementor-element-3ca41df elementor-section-boxed elementor-section-height-default elementor-section-height-default\" data-id=\"3ca41df\" data-element_type=\"section\" data-settings=\"{&quot;background_background&quot;:&quot;classic&quot;}\">\n\t\t\t\t\t\t\t<div class=\"elementor-background-overlay\"><\/div>\n\t\t\t\t\t\t\t<div class=\"elementor-container elementor-column-gap-default\">\n\t\t\t\t\t<div class=\"elementor-column elementor-col-50 elementor-top-column elementor-element elementor-element-17bd7da animated-slow elementor-invisible\" data-id=\"17bd7da\" data-element_type=\"column\" data-settings=\"{&quot;animation&quot;:&quot;fadeInLeft&quot;}\">\n\t\t\t<div class=\"elementor-widget-wrap elementor-element-populated\">\n\t\t\t\t\t\t\t\t<div class=\"elementor-element elementor-element-debc0bd elementor-widget elementor-widget-heading\" data-id=\"debc0bd\" data-element_type=\"widget\" data-widget_type=\"heading.default\">\n\t\t\t\t<div class=\"elementor-widget-container\">\n\t\t\t<h2 class=\"elementor-heading-title elementor-size-default\">Do you want a customized textile project? Contact us now.\n<\/h2>\t\t<\/div>\n\t\t\t\t<\/div>\n\t\t\t\t<div class=\"elementor-element elementor-element-9ac0e70 elementor-widget elementor-widget-text-editor\" data-id=\"9ac0e70\" data-element_type=\"widget\" data-widget_type=\"text-editor.default\">\n\t\t\t\t<div class=\"elementor-widget-container\">\n\t\t\t\t\t\t\t<p>We are a company with more than 35 years of experience in the textile industry, which allows us to handle excellent delivery times and quality, without losing sight of the social, environmental, and economic responsibility towards our employees and strategic associates.<\/p>\t\t\t\t\t\t<\/div>\n\t\t\t\t<\/div>\n\t\t\t\t<div class=\"elementor-element elementor-element-d27950e elementor-align-left elementor-mobile-align-center elementor-widget elementor-widget-button\" data-id=\"d27950e\" data-element_type=\"widget\" data-widget_type=\"button.default\">\n\t\t\t\t<div class=\"elementor-widget-container\">\n\t\t\t\t\t<div class=\"elementor-button-wrapper\">\n\t\t\t<a href=\"https:\/\/cmillar.co\/en\/contactanos\/\" class=\"elementor-button-link elementor-button elementor-size-sm\" role=\"button\">\n\t\t\t\t\t\t<span class=\"elementor-button-content-wrapper\">\n\t\t\t\t\t\t<span class=\"elementor-button-text\">Contact us<\/span>\n\t\t<\/span>\n\t\t\t\t\t<\/a>\n\t\t<\/div>\n\t\t\t\t<\/div>\n\t\t\t\t<\/div>\n\t\t\t\t\t<\/div>\n\t\t<\/div>\n\t\t\t\t<div class=\"elementor-column elementor-col-50 elementor-top-column elementor-element elementor-element-b53d66e elementor-hidden-phone\" data-id=\"b53d66e\" data-element_type=\"column\">\n\t\t\t<div class=\"elementor-widget-wrap\">\n\t\t\t\t\t\t\t\t\t<\/div>\n\t\t<\/div>\n\t\t\t\t\t\t\t<\/div>\n\t\t<\/section>\n\t\t\t\t\t\t\t<\/div>","protected":false},"excerpt":{"rendered":"<p>Maquila 400.000 UNIDADES POR MES Cotizaci\u00f3n 2 a 4 d\u00edas h\u00e1biles Recepci\u00f3n de la mercanc\u00eda Validaci\u00f3n de los insumos y materias primas 1 a 2 d\u00edas h\u00e1biles Confecci\u00f3n Contamos con 26 m\u00f3dulos propios de confecci\u00f3n, lo que nos permite cumplir con las expectativas y compromisos de nuestros clientes. Los tiempos de entrega depende del volumen &hellip;<\/p>\n<p class=\"read-more\"> <a class=\"\" href=\"https:\/\/cmillar.co\/en\/maquila\/\"> <span class=\"screen-reader-text\">Maquila<\/span> Read More &raquo;<\/a><\/p>","protected":false},"author":1,"featured_media":0,"parent":0,"menu_order":0,"comment_status":"closed","ping_status":"closed","template":"","meta":{"site-sidebar-layout":"no-sidebar","site-content-layout":"page-builder","ast-global-header-display":"","ast-main-header-display":"","ast-hfb-above-header-display":"","ast-hfb-below-header-display":"","ast-hfb-mobile-header-display":"","site-post-title":"disabled","ast-breadcrumbs-content":"","ast-featured-img":"disabled","footer-sml-layout":"","theme-transparent-header-meta":"","adv-header-id-meta":"","stick-header-meta":"","header-above-stick-meta":"","header-main-stick-meta":"","header-below-stick-meta":"","footnotes":""},"class_list":["post-895","page","type-page","status-publish","hentry"],"_links":{"self":[{"href":"https:\/\/cmillar.co\/en\/wp-json\/wp\/v2\/pages\/895","targetHints":{"allow":["GET"]}}],"collection":[{"href":"https:\/\/cmillar.co\/en\/wp-json\/wp\/v2\/pages"}],"about":[{"href":"https:\/\/cmillar.co\/en\/wp-json\/wp\/v2\/types\/page"}],"author":[{"embeddable":true,"href":"https:\/\/cmillar.co\/en\/wp-json\/wp\/v2\/users\/1"}],"replies":[{"embeddable":true,"href":"https:\/\/cmillar.co\/en\/wp-json\/wp\/v2\/comments?post=895"}],"version-history":[{"count":13,"href":"https:\/\/cmillar.co\/en\/wp-json\/wp\/v2\/pages\/895\/revisions"}],"predecessor-version":[{"id":1205,"href":"https:\/\/cmillar.co\/en\/wp-json\/wp\/v2\/pages\/895\/revisions\/1205"}],"wp:attachment":[{"href":"https:\/\/cmillar.co\/en\/wp-json\/wp\/v2\/media?parent=895"}],"curies":[{"name":"wp","href":"https:\/\/api.w.org\/{rel}","templated":true}]}}