{"id":76,"date":"2022-04-01T11:57:06","date_gmt":"2022-04-01T11:57:06","guid":{"rendered":"https:\/\/cmillar.co\/?page_id=76"},"modified":"2024-09-13T13:36:20","modified_gmt":"2024-09-13T18:36:20","slug":"contactanos","status":"publish","type":"page","link":"https:\/\/cmillar.co\/en\/contactanos\/","title":{"rendered":"Contact Us"},"content":{"rendered":"<div data-elementor-type=\"wp-page\" data-elementor-id=\"76\" class=\"elementor elementor-76\">\n\t\t\t\t\t\t\t\t\t<section class=\"elementor-section elementor-top-section elementor-element elementor-element-478906c5 elementor-section-boxed elementor-section-height-default elementor-section-height-default\" data-id=\"478906c5\" data-element_type=\"section\" data-settings=\"{&quot;background_background&quot;:&quot;classic&quot;}\">\n\t\t\t\t\t\t\t<div class=\"elementor-background-overlay\"><\/div>\n\t\t\t\t\t\t\t<div class=\"elementor-container elementor-column-gap-default\">\n\t\t\t\t\t<div class=\"elementor-column elementor-col-100 elementor-top-column elementor-element elementor-element-12b5fecc\" data-id=\"12b5fecc\" data-element_type=\"column\">\n\t\t\t<div class=\"elementor-widget-wrap elementor-element-populated\">\n\t\t\t\t\t\t\t\t<section class=\"elementor-section elementor-inner-section elementor-element elementor-element-54b0a9a5 elementor-section-boxed elementor-section-height-default elementor-section-height-default\" data-id=\"54b0a9a5\" data-element_type=\"section\">\n\t\t\t\t\t\t<div class=\"elementor-container elementor-column-gap-default\">\n\t\t\t\t\t<div class=\"elementor-column elementor-col-100 elementor-inner-column elementor-element elementor-element-5e3731e9\" data-id=\"5e3731e9\" data-element_type=\"column\" data-settings=\"{&quot;background_background&quot;:&quot;classic&quot;}\">\n\t\t\t<div class=\"elementor-widget-wrap elementor-element-populated\">\n\t\t\t\t\t\t\t\t<div class=\"elementor-element elementor-element-2a7850eb elementor-widget elementor-widget-heading\" data-id=\"2a7850eb\" data-element_type=\"widget\" data-widget_type=\"heading.default\">\n\t\t\t\t<div class=\"elementor-widget-container\">\n\t\t\t<style>\/*! elementor - v3.13.1 - 09-05-2023 *\/\n.elementor-heading-title{padding:0;margin:0;line-height:1}.elementor-widget-heading .elementor-heading-title[class*=elementor-size-]>a{color:inherit;font-size:inherit;line-height:inherit}.elementor-widget-heading .elementor-heading-title.elementor-size-small{font-size:15px}.elementor-widget-heading .elementor-heading-title.elementor-size-medium{font-size:19px}.elementor-widget-heading .elementor-heading-title.elementor-size-large{font-size:29px}.elementor-widget-heading .elementor-heading-title.elementor-size-xl{font-size:39px}.elementor-widget-heading .elementor-heading-title.elementor-size-xxl{font-size:59px}<\/style><h2 class=\"elementor-heading-title elementor-size-default\">Contact Us<\/h2>\t\t<\/div>\n\t\t\t\t<\/div>\n\t\t\t\t\t<\/div>\n\t\t<\/div>\n\t\t\t\t\t\t\t<\/div>\n\t\t<\/section>\n\t\t\t\t\t<\/div>\n\t\t<\/div>\n\t\t\t\t\t\t\t<\/div>\n\t\t<\/section>\n\t\t\t\t<section class=\"elementor-section elementor-top-section elementor-element elementor-element-2963210 elementor-section-boxed elementor-section-height-default elementor-section-height-default\" data-id=\"2963210\" data-element_type=\"section\" data-settings=\"{&quot;background_background&quot;:&quot;classic&quot;}\">\n\t\t\t\t\t\t<div class=\"elementor-container elementor-column-gap-default\">\n\t\t\t\t\t<div class=\"elementor-column elementor-col-100 elementor-top-column elementor-element elementor-element-bbf4c82\" data-id=\"bbf4c82\" data-element_type=\"column\">\n\t\t\t<div class=\"elementor-widget-wrap elementor-element-populated\">\n\t\t\t\t\t\t\t\t<div class=\"elementor-element elementor-element-861ab73 elementor-widget elementor-widget-heading\" data-id=\"861ab73\" data-element_type=\"widget\" data-widget_type=\"heading.default\">\n\t\t\t\t<div class=\"elementor-widget-container\">\n\t\t\t<h3 class=\"elementor-heading-title elementor-size-default\">Job opportunities for you:<\/h3>\t\t<\/div>\n\t\t\t\t<\/div>\n\t\t\t\t<div class=\"elementor-element elementor-element-f0c39d1 elementor-widget__width-auto elementor-widget elementor-widget-accordion\" data-id=\"f0c39d1\" data-element_type=\"widget\" data-settings=\"{&quot;motion_fx_motion_fx_mouse&quot;:&quot;yes&quot;,&quot;sticky&quot;:&quot;top&quot;,&quot;sticky_parent&quot;:&quot;yes&quot;,&quot;_animation&quot;:&quot;none&quot;,&quot;sticky_on&quot;:[&quot;desktop&quot;,&quot;tablet&quot;,&quot;mobile&quot;],&quot;sticky_offset&quot;:0,&quot;sticky_effects_offset&quot;:0}\" data-widget_type=\"accordion.default\">\n\t\t\t\t<div class=\"elementor-widget-container\">\n\t\t\t<style>\/*! elementor - v3.13.1 - 09-05-2023 *\/\n.elementor-accordion{text-align:left}.elementor-accordion .elementor-accordion-item{border:1px solid #d5d8dc}.elementor-accordion .elementor-accordion-item+.elementor-accordion-item{border-top:none}.elementor-accordion .elementor-tab-title{margin:0;padding:15px 20px;font-weight:700;line-height:1;cursor:pointer;outline:none}.elementor-accordion .elementor-tab-title .elementor-accordion-icon{display:inline-block;width:1.5em}.elementor-accordion .elementor-tab-title .elementor-accordion-icon svg{width:1em;height:1em}.elementor-accordion .elementor-tab-title .elementor-accordion-icon.elementor-accordion-icon-right{float:right;text-align:right}.elementor-accordion .elementor-tab-title .elementor-accordion-icon.elementor-accordion-icon-left{float:left;text-align:left}.elementor-accordion .elementor-tab-title .elementor-accordion-icon .elementor-accordion-icon-closed{display:block}.elementor-accordion .elementor-tab-title .elementor-accordion-icon .elementor-accordion-icon-opened,.elementor-accordion .elementor-tab-title.elementor-active .elementor-accordion-icon-closed{display:none}.elementor-accordion .elementor-tab-title.elementor-active .elementor-accordion-icon-opened{display:block}.elementor-accordion .elementor-tab-content{display:none;padding:15px 20px;border-top:1px solid #d5d8dc}@media (max-width:767px){.elementor-accordion .elementor-tab-title{padding:12px 15px}.elementor-accordion .elementor-tab-title .elementor-accordion-icon{width:1.2em}.elementor-accordion .elementor-tab-content{padding:7px 15px}}.e-con-inner>.elementor-widget-accordion,.e-con>.elementor-widget-accordion{width:var(--container-widget-width);--flex-grow:var(--container-widget-flex-grow)}<\/style>\t\t<div class=\"elementor-accordion\" role=\"tablist\">\n\t\t\t\t\t\t\t<div class=\"elementor-accordion-item\">\n\t\t\t\t\t<div id=\"elementor-tab-title-2521\" class=\"elementor-tab-title\" data-tab=\"1\" role=\"tab\" aria-controls=\"elementor-tab-content-2521\" aria-expanded=\"false\">\n\t\t\t\t\t\t\t\t\t\t\t\t\t<span class=\"elementor-accordion-icon elementor-accordion-icon-right\" aria-hidden=\"true\">\n\t\t\t\t\t\t\t\t\t\t\t\t\t\t\t<span class=\"elementor-accordion-icon-closed\"><i class=\"fas fa-arrow-circle-right\"><\/i><\/span>\n\t\t\t\t\t\t\t\t<span class=\"elementor-accordion-icon-opened\"><i class=\"fas fa-angle-up\"><\/i><\/span>\n\t\t\t\t\t\t\t\t\t\t\t\t\t\t<\/span>\n\t\t\t\t\t\t\t\t\t\t\t\t<a class=\"elementor-accordion-title\" href=\"\">Operario(a)s de m\u00e1quinas de confecci\u00f3n<\/a>\n\t\t\t\t\t<\/div>\n\t\t\t\t\t<div id=\"elementor-tab-content-2521\" class=\"elementor-tab-content elementor-clearfix\" data-tab=\"1\" role=\"tabpanel\" aria-labelledby=\"elementor-tab-title-2521\"><p><img loading=\"lazy\" decoding=\"async\" class=\"size-medium wp-image-1698 aligncenter\" style=\"font-weight: inherit;\" src=\"http:\/\/cmillar.co\/wp-content\/uploads\/2022\/09\/Confecciones-millar-personal-de-confeccion-confecciones-en-medellin-225x300.jpg\" alt=\"\" width=\"225\" height=\"300\" srcset=\"https:\/\/cmillar.co\/wp-content\/uploads\/2022\/09\/Confecciones-millar-personal-de-confeccion-confecciones-en-medellin-225x300.jpg 225w, https:\/\/cmillar.co\/wp-content\/uploads\/2022\/09\/Confecciones-millar-personal-de-confeccion-confecciones-en-medellin-768x1024.jpg 768w, https:\/\/cmillar.co\/wp-content\/uploads\/2022\/09\/Confecciones-millar-personal-de-confeccion-confecciones-en-medellin-1152x1536.jpg 1152w, https:\/\/cmillar.co\/wp-content\/uploads\/2022\/09\/Confecciones-millar-personal-de-confeccion-confecciones-en-medellin.jpg 1500w\" sizes=\"auto, (max-width: 225px) 100vw, 225px\" \/><\/p>\n<p style=\"margin: 0cm;\">Estamos buscando para integrar a nuestro equipo: operarias de m\u00e1quinas de confecci\u00f3n con m\u00ednimo dos a\u00f1os de experiencia manejando al menos dos de las siguientes m\u00e1quinas:<\/p>\n<p style=\"margin: 0cm;\">\n<\/p><p style=\"margin: 0cm;\">-Coating<\/p>\n<p style=\"margin: 0cm;\">-Flat<\/p>\n<p style=\"margin: 0cm;\">-Fileteadora<\/p>\n<p style=\"margin: 0cm;\">-Left blade<\/p>\n<p style=\"margin: 0cm;\">-Flat seamer<\/p>\n<p style=\"margin: 0cm;\">-Elbow seamer<\/p>\n<p style=\"margin: 0cm;\">-Special machines<\/p>\n<p style=\"margin: 0cm;\">\n<\/p><p style=\"margin: 0cm; text-align: justify;\">Salario b\u00e1sico $1.365.013+ incentivos por metas+ Horas Extras+ Alimentaci\u00f3n+ Todos los beneficios de ley. Adem\u00e1s contamos con un completo plan de bienestar y compensaci\u00f3n como bonos de ropa en fechas especiales, kit escolar, entre otros.<\/p><\/div>\n\t\t\t\t<\/div>\n\t\t\t\t\t\t\t<div class=\"elementor-accordion-item\">\n\t\t\t\t\t<div id=\"elementor-tab-title-2522\" class=\"elementor-tab-title\" data-tab=\"2\" role=\"tab\" aria-controls=\"elementor-tab-content-2522\" aria-expanded=\"false\">\n\t\t\t\t\t\t\t\t\t\t\t\t\t<span class=\"elementor-accordion-icon elementor-accordion-icon-right\" aria-hidden=\"true\">\n\t\t\t\t\t\t\t\t\t\t\t\t\t\t\t<span class=\"elementor-accordion-icon-closed\"><i class=\"fas fa-arrow-circle-right\"><\/i><\/span>\n\t\t\t\t\t\t\t\t<span class=\"elementor-accordion-icon-opened\"><i class=\"fas fa-angle-up\"><\/i><\/span>\n\t\t\t\t\t\t\t\t\t\t\t\t\t\t<\/span>\n\t\t\t\t\t\t\t\t\t\t\t\t<a class=\"elementor-accordion-title\" href=\"\">Auxiliar de Mantenimiento Con Moto<\/a>\n\t\t\t\t\t<\/div>\n\t\t\t\t\t<div id=\"elementor-tab-content-2522\" class=\"elementor-tab-content elementor-clearfix\" data-tab=\"2\" role=\"tabpanel\" aria-labelledby=\"elementor-tab-title-2522\"><p>I<img loading=\"lazy\" decoding=\"async\" class=\"alignnone size-full wp-image-2011\" src=\"http:\/\/cmillar.co\/wp-content\/uploads\/2024\/08\/WhatsApp-Image-2024-08-27-at-6.25.49-AM.jpeg\" alt=\"\" width=\"260\" height=\"194\" srcset=\"https:\/\/cmillar.co\/wp-content\/uploads\/2024\/08\/WhatsApp-Image-2024-08-27-at-6.25.49-AM.jpeg 260w, https:\/\/cmillar.co\/wp-content\/uploads\/2024\/08\/WhatsApp-Image-2024-08-27-at-6.25.49-AM-16x12.jpeg 16w\" sizes=\"auto, (max-width: 260px) 100vw, 260px\" \/><\/p><p>Importante empresa de confecciones requiere para su equipo AUXILIAR DE MANTENIMIENTO con MOTO, m\u00ednimo 2 a\u00f1os de experiencia en:<\/p><p>-Direcciones y mensajer\u00eda.<br \/>-mantenimiento locativo.<br \/>-Preferiblemente curso de alturas (no excluyente).<br \/>-Licencia sin comparendos.<\/p><p>Salario b\u00e1sico $1,365,013 + Subsdio de transporte + Pago de horas extras + Incentivos + Alimentaci\u00f3n + Todos los beneficios de ley.<\/p><p>Adem\u00e1s contamos con un completo plan de bienestar y compensaci\u00f3n como bonos de ropa en fechas especiales, kit escolar, entre otros.<\/p><p>Horarios de lunes a viernes de 6:00am a 3:00pm y s\u00e1bados de 6:00am a 10:30am con disponibilidad de dos horas extras diarias.<\/p><\/div>\n\t\t\t\t<\/div>\n\t\t\t\t\t\t\t<div class=\"elementor-accordion-item\">\n\t\t\t\t\t<div id=\"elementor-tab-title-2523\" class=\"elementor-tab-title\" data-tab=\"3\" role=\"tab\" aria-controls=\"elementor-tab-content-2523\" aria-expanded=\"false\">\n\t\t\t\t\t\t\t\t\t\t\t\t\t<span class=\"elementor-accordion-icon elementor-accordion-icon-right\" aria-hidden=\"true\">\n\t\t\t\t\t\t\t\t\t\t\t\t\t\t\t<span class=\"elementor-accordion-icon-closed\"><i class=\"fas fa-arrow-circle-right\"><\/i><\/span>\n\t\t\t\t\t\t\t\t<span class=\"elementor-accordion-icon-opened\"><i class=\"fas fa-angle-up\"><\/i><\/span>\n\t\t\t\t\t\t\t\t\t\t\t\t\t\t<\/span>\n\t\t\t\t\t\t\t\t\t\t\t\t<a class=\"elementor-accordion-title\" href=\"\">Coordinadora\/o De Restaurante<\/a>\n\t\t\t\t\t<\/div>\n\t\t\t\t\t<div id=\"elementor-tab-content-2523\" class=\"elementor-tab-content elementor-clearfix\" data-tab=\"3\" role=\"tabpanel\" aria-labelledby=\"elementor-tab-title-2523\"><p><img loading=\"lazy\" decoding=\"async\" class=\"alignnone  wp-image-2016\" src=\"http:\/\/cmillar.co\/wp-content\/uploads\/2024\/08\/WhatsApp-Image-2024-08-27-at-6.54.44-AM-300x169.jpeg\" alt=\"\" width=\"169\" height=\"95\" srcset=\"https:\/\/cmillar.co\/wp-content\/uploads\/2024\/08\/WhatsApp-Image-2024-08-27-at-6.54.44-AM-300x169.jpeg 300w, https:\/\/cmillar.co\/wp-content\/uploads\/2024\/08\/WhatsApp-Image-2024-08-27-at-6.54.44-AM-1024x575.jpeg 1024w, https:\/\/cmillar.co\/wp-content\/uploads\/2024\/08\/WhatsApp-Image-2024-08-27-at-6.54.44-AM-768x432.jpeg 768w, https:\/\/cmillar.co\/wp-content\/uploads\/2024\/08\/WhatsApp-Image-2024-08-27-at-6.54.44-AM-18x10.jpeg 18w, https:\/\/cmillar.co\/wp-content\/uploads\/2024\/08\/WhatsApp-Image-2024-08-27-at-6.54.44-AM.jpeg 1050w\" sizes=\"auto, (max-width: 169px) 100vw, 169px\" \/>\u00a0<\/p><p>Importante empresa de confecciones requiere para su equipo Coordinadora\/ De Restaurante.<\/p><p>Indispensable:<\/p><p>M\u00ednimo 4 a\u00f1os de experiencia en cocinas industriales.\u00a0<\/p><p>Ser Cocinera\/o<\/p><p><span style=\"font-style: inherit; font-weight: inherit; color: var( --e-global-color-text ); font-family: var( --e-global-typography-text-font-family ), Sans-serif;\">Curso de manipulaci\u00f3n de alimentos vigente.<\/span><\/p><p>Manejo de personal.<\/p><p><span style=\"font-style: inherit; font-weight: inherit; color: var( --e-global-color-text ); font-family: var( --e-global-typography-text-font-family ), Sans-serif;\">Horarios de lunes a viernes de 6:00am a 3:00pm y s\u00e1bados de 6:00am a 10:30am con disponibilidad de dos horas extras diarias.<\/span><\/p><p>Salario b\u00e1sico $ $1,625,015 + Subsdio de transporte + Pago de horas extras + Incentivos + Alimentaci\u00f3n + Todos los beneficios de ley.<\/p><p>Adem\u00e1s contamos con un completo plan de bienestar y compensaci\u00f3n como bonos de ropa en fechas especiales, kit escolar, entre otros.<\/p><p>\u00a0<\/p><\/div>\n\t\t\t\t<\/div>\n\t\t\t\t\t\t\t<div class=\"elementor-accordion-item\">\n\t\t\t\t\t<div id=\"elementor-tab-title-2524\" class=\"elementor-tab-title\" data-tab=\"4\" role=\"tab\" aria-controls=\"elementor-tab-content-2524\" aria-expanded=\"false\">\n\t\t\t\t\t\t\t\t\t\t\t\t\t<span class=\"elementor-accordion-icon elementor-accordion-icon-right\" aria-hidden=\"true\">\n\t\t\t\t\t\t\t\t\t\t\t\t\t\t\t<span class=\"elementor-accordion-icon-closed\"><i class=\"fas fa-arrow-circle-right\"><\/i><\/span>\n\t\t\t\t\t\t\t\t<span class=\"elementor-accordion-icon-opened\"><i class=\"fas fa-angle-up\"><\/i><\/span>\n\t\t\t\t\t\t\t\t\t\t\t\t\t\t<\/span>\n\t\t\t\t\t\t\t\t\t\t\t\t<a class=\"elementor-accordion-title\" href=\"\">REVISADOR\/A DE TELAS<\/a>\n\t\t\t\t\t<\/div>\n\t\t\t\t\t<div id=\"elementor-tab-content-2524\" class=\"elementor-tab-content elementor-clearfix\" data-tab=\"4\" role=\"tabpanel\" aria-labelledby=\"elementor-tab-title-2524\"><p><img loading=\"lazy\" decoding=\"async\" class=\"alignnone size-medium wp-image-2045\" src=\"http:\/\/cmillar.co\/wp-content\/uploads\/2024\/09\/image-300x169.png\" alt=\"\" width=\"300\" height=\"169\" srcset=\"https:\/\/cmillar.co\/wp-content\/uploads\/2024\/09\/image-300x169.png 300w, https:\/\/cmillar.co\/wp-content\/uploads\/2024\/09\/image-18x10.png 18w, https:\/\/cmillar.co\/wp-content\/uploads\/2024\/09\/image.png 647w\" sizes=\"auto, (max-width: 300px) 100vw, 300px\" \/><\/p><p>Importante empresa de confecciones requiere para su equipo de trabajo REVISADOR\/A DE TELAS\u00a0 m\u00ednimo 2 a\u00f1oS de experiencia demostrable.\u00a0<\/p><p>Requisitos:<\/p><p>.<span style=\"font-size: 16px;\">M\u00ednimo 2 a\u00f1os de experiencia en:<\/span><\/p><ul><li><span class=\"OYPEnA font-feature-liga-off font-feature-clig-off font-feature-calt-off text-decoration-none text-strikethrough-none\">Revisar y verificar por medio<\/span> <span class=\"OYPEnA font-feature-liga-off font-feature-clig-off font-feature-calt-off text-decoration-none text-strikethrough-none\">de la m\u00e1quina revisadora las<\/span> <span class=\"OYPEnA font-feature-liga-off font-feature-clig-off font-feature-calt-off text-decoration-none text-strikethrough-none\">telas que ingresan a la compa\u00f1ia para garantizar la calidad en el proceso de corte.<\/span><\/li><\/ul><p>Salario b\u00e1sico $ 1.495.014 + Auxilio de transporte+ Pago de horas extras + Bonificaci\u00f3n por cumplimiento de metas + Todos los beneficios de ley + Alimentaci\u00f3n completa.<\/p><p>Adem\u00e1s contamos con un completo plan de bienestar y compensaci\u00f3n como bonos de ropa en fechas especiales, kit escolar, entre otros.<\/p><p>Horarios de lunes a viernes de 6:00am a 3:00pm y s\u00e1bados de 6:00am a 10:30am con disponibilidad de dos horas extras diarias.<\/p><\/div>\n\t\t\t\t<\/div>\n\t\t\t\t\t\t\t\t<\/div>\n\t\t\t\t<\/div>\n\t\t\t\t<\/div>\n\t\t\t\t\t<\/div>\n\t\t<\/div>\n\t\t\t\t\t\t\t<\/div>\n\t\t<\/section>\n\t\t\t\t<section class=\"elementor-section elementor-top-section elementor-element elementor-element-d493c58 elementor-section-boxed elementor-section-height-default elementor-section-height-default\" data-id=\"d493c58\" data-element_type=\"section\">\n\t\t\t\t\t\t<div class=\"elementor-container elementor-column-gap-default\">\n\t\t\t\t\t<div class=\"elementor-column elementor-col-100 elementor-top-column elementor-element elementor-element-c91287d\" data-id=\"c91287d\" data-element_type=\"column\">\n\t\t\t<div class=\"elementor-widget-wrap elementor-element-populated\">\n\t\t\t\t\t\t\t\t<div class=\"elementor-element elementor-element-f2fd26a elementor-widget elementor-widget-spacer\" data-id=\"f2fd26a\" data-element_type=\"widget\" data-widget_type=\"spacer.default\">\n\t\t\t\t<div class=\"elementor-widget-container\">\n\t\t\t<style>\/*! elementor - v3.13.1 - 09-05-2023 *\/\n.elementor-column .elementor-spacer-inner{height:var(--spacer-size)}.e-con{--container-widget-width:100%}.e-con-inner>.elementor-widget-spacer,.e-con>.elementor-widget-spacer{width:var(--container-widget-width,var(--spacer-size));--align-self:var(--container-widget-align-self,initial);--flex-shrink:0}.e-con-inner>.elementor-widget-spacer>.elementor-widget-container,.e-con-inner>.elementor-widget-spacer>.elementor-widget-container>.elementor-spacer,.e-con>.elementor-widget-spacer>.elementor-widget-container,.e-con>.elementor-widget-spacer>.elementor-widget-container>.elementor-spacer{height:100%}.e-con-inner>.elementor-widget-spacer>.elementor-widget-container>.elementor-spacer>.elementor-spacer-inner,.e-con>.elementor-widget-spacer>.elementor-widget-container>.elementor-spacer>.elementor-spacer-inner{height:var(--container-widget-height,var(--spacer-size))}<\/style>\t\t<div class=\"elementor-spacer\">\n\t\t\t<div class=\"elementor-spacer-inner\"><\/div>\n\t\t<\/div>\n\t\t\t\t<\/div>\n\t\t\t\t<\/div>\n\t\t\t\t\t<\/div>\n\t\t<\/div>\n\t\t\t\t\t\t\t<\/div>\n\t\t<\/section>\n\t\t\t\t<section class=\"elementor-section elementor-top-section elementor-element elementor-element-23a7049f elementor-section-full_width elementor-section-height-default elementor-section-height-default\" data-id=\"23a7049f\" data-element_type=\"section\">\n\t\t\t\t\t\t\t<div class=\"elementor-background-overlay\"><\/div>\n\t\t\t\t\t\t\t<div class=\"elementor-container elementor-column-gap-no\">\n\t\t\t\t\t<div class=\"elementor-column elementor-col-100 elementor-top-column elementor-element elementor-element-423edf8a\" data-id=\"423edf8a\" data-element_type=\"column\">\n\t\t\t<div class=\"elementor-widget-wrap elementor-element-populated\">\n\t\t\t\t\t\t\t\t<div class=\"elementor-element elementor-element-5d01cddc elementor-widget elementor-widget-google_maps\" data-id=\"5d01cddc\" data-element_type=\"widget\" data-widget_type=\"google_maps.default\">\n\t\t\t\t<div class=\"elementor-widget-container\">\n\t\t\t<style>\/*! elementor - v3.13.1 - 09-05-2023 *\/\n.elementor-widget-google_maps .elementor-widget-container{overflow:hidden}.elementor-widget-google_maps .elementor-custom-embed{line-height:0}.elementor-widget-google_maps iframe{height:300px}<\/style>\t\t<div class=\"elementor-custom-embed\">\n\t\t\t<iframe loading=\"lazy\"\n\t\t\t\t\tsrc=\"https:\/\/maps.google.com\/maps?q=Av.%20Palac%C3%A9%20%2336-35%20Medell%C3%ADn&#038;t=m&#038;z=20&#038;output=embed&#038;iwloc=near\"\n\t\t\t\t\ttitle=\"Av. Palac\u00e9 #36-35 Medell\u00edn\"\n\t\t\t\t\taria-label=\"Av. Palac\u00e9 #36-35 Medell\u00edn\"\n\t\t\t><\/iframe>\n\t\t<\/div>\n\t\t\t\t<\/div>\n\t\t\t\t<\/div>\n\t\t\t\t\t<\/div>\n\t\t<\/div>\n\t\t\t\t\t\t\t<\/div>\n\t\t<\/section>\n\t\t\t\t\t\t\t<\/div>","protected":false},"excerpt":{"rendered":"<p>Cont\u00e1ctanos Oportunidades laborales para ti: Operario(a)s de m\u00e1quinas de confecci\u00f3n Estamos buscando para integrar a nuestro equipo: operarias de m\u00e1quinas de confecci\u00f3n con m\u00ednimo dos a\u00f1os de experiencia manejando al menos dos de las siguientes m\u00e1quinas: -Recubridora -Plana -Fileteadora -Cuchilla izquierda -Flatseamer -Cerradora de codo -M\u00e1quinas especiales Salario b\u00e1sico $1.365.013+ incentivos por metas+ Horas Extras+ &hellip;<\/p>\n<p class=\"read-more\"> <a class=\"\" href=\"https:\/\/cmillar.co\/en\/contactanos\/\"> <span class=\"screen-reader-text\">Contact Us<\/span> Read More &raquo;<\/a><\/p>","protected":false},"author":1,"featured_media":0,"parent":0,"menu_order":0,"comment_status":"closed","ping_status":"closed","template":"","meta":{"site-sidebar-layout":"no-sidebar","site-content-layout":"page-builder","ast-global-header-display":"","ast-main-header-display":"","ast-hfb-above-header-display":"","ast-hfb-below-header-display":"","ast-hfb-mobile-header-display":"","site-post-title":"disabled","ast-breadcrumbs-content":"","ast-featured-img":"disabled","footer-sml-layout":"","theme-transparent-header-meta":"","adv-header-id-meta":"","stick-header-meta":"","header-above-stick-meta":"","header-main-stick-meta":"","header-below-stick-meta":"","footnotes":""},"class_list":["post-76","page","type-page","status-publish","hentry"],"_links":{"self":[{"href":"https:\/\/cmillar.co\/en\/wp-json\/wp\/v2\/pages\/76","targetHints":{"allow":["GET"]}}],"collection":[{"href":"https:\/\/cmillar.co\/en\/wp-json\/wp\/v2\/pages"}],"about":[{"href":"https:\/\/cmillar.co\/en\/wp-json\/wp\/v2\/types\/page"}],"author":[{"embeddable":true,"href":"https:\/\/cmillar.co\/en\/wp-json\/wp\/v2\/users\/1"}],"replies":[{"embeddable":true,"href":"https:\/\/cmillar.co\/en\/wp-json\/wp\/v2\/comments?post=76"}],"version-history":[{"count":230,"href":"https:\/\/cmillar.co\/en\/wp-json\/wp\/v2\/pages\/76\/revisions"}],"predecessor-version":[{"id":2048,"href":"https:\/\/cmillar.co\/en\/wp-json\/wp\/v2\/pages\/76\/revisions\/2048"}],"wp:attachment":[{"href":"https:\/\/cmillar.co\/en\/wp-json\/wp\/v2\/media?parent=76"}],"curies":[{"name":"wp","href":"https:\/\/api.w.org\/{rel}","templated":true}]}}