{"id":284,"date":"2022-06-02T11:35:09","date_gmt":"2022-06-02T11:35:09","guid":{"rendered":"https:\/\/cmillar.co\/?page_id=284"},"modified":"2023-05-08T12:03:03","modified_gmt":"2023-05-08T17:03:03","slug":"paquete-completo","status":"publish","type":"page","link":"https:\/\/cmillar.co\/en\/paquete-completo\/","title":{"rendered":"Full Package"},"content":{"rendered":"<div data-elementor-type=\"wp-page\" data-elementor-id=\"284\" class=\"elementor elementor-284\">\n\t\t\t\t\t\t\t\t\t<section class=\"elementor-section elementor-top-section elementor-element elementor-element-60efdf71 elementor-section-boxed elementor-section-height-default elementor-section-height-default\" data-id=\"60efdf71\" data-element_type=\"section\" data-settings=\"{&quot;background_background&quot;:&quot;classic&quot;}\">\n\t\t\t\t\t\t\t<div class=\"elementor-background-overlay\"><\/div>\n\t\t\t\t\t\t\t<div class=\"elementor-container elementor-column-gap-default\">\n\t\t\t\t\t<div class=\"elementor-column elementor-col-100 elementor-top-column elementor-element elementor-element-48f53d13\" data-id=\"48f53d13\" data-element_type=\"column\">\n\t\t\t<div class=\"elementor-widget-wrap elementor-element-populated\">\n\t\t\t\t\t\t\t\t<section class=\"elementor-section elementor-inner-section elementor-element elementor-element-3658fadd elementor-section-boxed elementor-section-height-default elementor-section-height-default\" data-id=\"3658fadd\" data-element_type=\"section\">\n\t\t\t\t\t\t<div class=\"elementor-container elementor-column-gap-default\">\n\t\t\t\t\t<div class=\"elementor-column elementor-col-100 elementor-inner-column elementor-element elementor-element-3d53a5b3\" data-id=\"3d53a5b3\" data-element_type=\"column\" data-settings=\"{&quot;background_background&quot;:&quot;classic&quot;}\">\n\t\t\t<div class=\"elementor-widget-wrap elementor-element-populated\">\n\t\t\t\t\t\t\t\t<div class=\"elementor-element elementor-element-50f4fcf7 elementor-widget elementor-widget-heading\" data-id=\"50f4fcf7\" data-element_type=\"widget\" data-widget_type=\"heading.default\">\n\t\t\t\t<div class=\"elementor-widget-container\">\n\t\t\t<style>\/*! elementor - v3.13.1 - 09-05-2023 *\/\n.elementor-heading-title{padding:0;margin:0;line-height:1}.elementor-widget-heading .elementor-heading-title[class*=elementor-size-]>a{color:inherit;font-size:inherit;line-height:inherit}.elementor-widget-heading .elementor-heading-title.elementor-size-small{font-size:15px}.elementor-widget-heading .elementor-heading-title.elementor-size-medium{font-size:19px}.elementor-widget-heading .elementor-heading-title.elementor-size-large{font-size:29px}.elementor-widget-heading .elementor-heading-title.elementor-size-xl{font-size:39px}.elementor-widget-heading .elementor-heading-title.elementor-size-xxl{font-size:59px}<\/style><h2 class=\"elementor-heading-title elementor-size-default\">Full Package<\/h2>\t\t<\/div>\n\t\t\t\t<\/div>\n\t\t\t\t\t<\/div>\n\t\t<\/div>\n\t\t\t\t\t\t\t<\/div>\n\t\t<\/section>\n\t\t\t\t\t<\/div>\n\t\t<\/div>\n\t\t\t\t\t\t\t<\/div>\n\t\t<\/section>\n\t\t\t\t<section class=\"elementor-section elementor-top-section elementor-element elementor-element-9a05f23 elementor-section-full_width elementor-section-height-default elementor-section-height-default\" data-id=\"9a05f23\" data-element_type=\"section\">\n\t\t\t\t\t\t<div class=\"elementor-container elementor-column-gap-default\">\n\t\t\t\t\t<div class=\"elementor-column elementor-col-100 elementor-top-column elementor-element elementor-element-9a92e3d\" data-id=\"9a92e3d\" data-element_type=\"column\">\n\t\t\t<div class=\"elementor-widget-wrap elementor-element-populated\">\n\t\t\t\t\t\t\t\t<div class=\"elementor-element elementor-element-9b8a193 elementor-widget elementor-widget-heading\" data-id=\"9b8a193\" data-element_type=\"widget\" data-widget_type=\"heading.default\">\n\t\t\t\t<div class=\"elementor-widget-container\">\n\t\t\t<h2 class=\"elementor-heading-title elementor-size-default\">Our Full Package<\/h2>\t\t<\/div>\n\t\t\t\t<\/div>\n\t\t\t\t<section class=\"elementor-section elementor-inner-section elementor-element elementor-element-031fe3c elementor-section-boxed elementor-section-height-default elementor-section-height-default\" data-id=\"031fe3c\" data-element_type=\"section\">\n\t\t\t\t\t\t<div class=\"elementor-container elementor-column-gap-no\">\n\t\t\t\t\t<div class=\"elementor-column elementor-col-100 elementor-inner-column elementor-element elementor-element-d387f17\" data-id=\"d387f17\" data-element_type=\"column\">\n\t\t\t<div class=\"elementor-widget-wrap elementor-element-populated\">\n\t\t\t\t\t\t\t\t<div class=\"elementor-element elementor-element-9f41460 elementor-widget elementor-widget-text-editor\" data-id=\"9f41460\" data-element_type=\"widget\" data-widget_type=\"text-editor.default\">\n\t\t\t\t<div class=\"elementor-widget-container\">\n\t\t\t<style>\/*! elementor - v3.13.1 - 09-05-2023 *\/\n.elementor-widget-text-editor.elementor-drop-cap-view-stacked .elementor-drop-cap{background-color:#69727d;color:#fff}.elementor-widget-text-editor.elementor-drop-cap-view-framed .elementor-drop-cap{color:#69727d;border:3px solid;background-color:transparent}.elementor-widget-text-editor:not(.elementor-drop-cap-view-default) .elementor-drop-cap{margin-top:8px}.elementor-widget-text-editor:not(.elementor-drop-cap-view-default) .elementor-drop-cap-letter{width:1em;height:1em}.elementor-widget-text-editor .elementor-drop-cap{float:left;text-align:center;line-height:1;font-size:50px}.elementor-widget-text-editor .elementor-drop-cap-letter{display:inline-block}<\/style>\t\t\t\t<p>400,000 UNITS PER MONTH<\/p>\t\t\t\t\t\t<\/div>\n\t\t\t\t<\/div>\n\t\t\t\t\t<\/div>\n\t\t<\/div>\n\t\t\t\t\t\t\t<\/div>\n\t\t<\/section>\n\t\t\t\t<section class=\"elementor-section elementor-inner-section elementor-element elementor-element-ad515ba elementor-section-full_width animated-slow elementor-section-height-default elementor-section-height-default elementor-invisible\" data-id=\"ad515ba\" data-element_type=\"section\" data-settings=\"{&quot;animation&quot;:&quot;fadeInUp&quot;}\">\n\t\t\t\t\t\t<div class=\"elementor-container elementor-column-gap-no\">\n\t\t\t\t\t<div class=\"elementor-column elementor-col-33 elementor-inner-column elementor-element elementor-element-9de1b1d animated-slow elementor-invisible\" data-id=\"9de1b1d\" data-element_type=\"column\" data-settings=\"{&quot;animation&quot;:&quot;fadeInUp&quot;,&quot;animation_delay&quot;:40}\">\n\t\t\t<div class=\"elementor-widget-wrap elementor-element-populated\">\n\t\t\t\t\t\t\t\t<div class=\"elementor-element elementor-element-d96775c elementor-widget elementor-widget-jkit_team\" data-id=\"d96775c\" data-element_type=\"widget\" data-widget_type=\"jkit_team.default\">\n\t\t\t\t<div class=\"elementor-widget-container\">\n\t\t\t<div  class=\"jeg-elementor-kit jkit-team style-overlay overlay-bottom jeg_module___69f58499ddc73\" ><div class=\"profile-card\"><img decoding=\"async\" src=\"https:\/\/cmillar.co\/wp-content\/uploads\/2022\/09\/Patronaje-y-desarrollo-confecciones-millar.jpg\"  alt=\"Patronaje y desarrollo\">\n                <div class=\"hover-area alignment-center\"><div class=\"profile-body\">\n                <h3 class=\"profile-title\">Fashion pattern and development.<\/h3>\n                <p class=\"profile-designation\"><\/p>\n                <p class=\"profile-content\">Our team starts the process from the supplies and raw materials to the consolidation of the physical garment according to the needs and respecting the brand's policies.<\/p>\n                <ul class=\"social-list\"><\/ul>\n            <\/div><\/div>\n            <\/div><\/div>\t\t<\/div>\n\t\t\t\t<\/div>\n\t\t\t\t\t<\/div>\n\t\t<\/div>\n\t\t\t\t<div class=\"elementor-column elementor-col-33 elementor-inner-column elementor-element elementor-element-267b8cb animated-slow elementor-invisible\" data-id=\"267b8cb\" data-element_type=\"column\" data-settings=\"{&quot;animation&quot;:&quot;fadeInUp&quot;,&quot;animation_delay&quot;:120}\">\n\t\t\t<div class=\"elementor-widget-wrap elementor-element-populated\">\n\t\t\t\t\t\t\t\t<div class=\"elementor-element elementor-element-2b43378 elementor-widget elementor-widget-jkit_team\" data-id=\"2b43378\" data-element_type=\"widget\" data-widget_type=\"jkit_team.default\">\n\t\t\t\t<div class=\"elementor-widget-container\">\n\t\t\t<div  class=\"jeg-elementor-kit jkit-team style-overlay overlay-bottom jeg_module__1_69f58499e2607\" ><div class=\"profile-card\"><img decoding=\"async\" src=\"https:\/\/cmillar.co\/wp-content\/uploads\/2022\/09\/telas-e-isumos-confecciones-millar.jpg\"  alt=\"Telas e Insumos\">\n                <div class=\"hover-area alignment-bottom\"><div class=\"profile-body\">\n                <h2 class=\"profile-title\">Fabrics and Supplies<\/h2>\n                <p class=\"profile-designation\"><\/p>\n                <p class=\"profile-content\">We have strategic partners that allow us to have quick responses to our clients' needs, with different finishes according to global trends and environmental sustainability. <\/p>\n                <ul class=\"social-list\"><\/ul>\n            <\/div><\/div>\n            <\/div><\/div>\t\t<\/div>\n\t\t\t\t<\/div>\n\t\t\t\t\t<\/div>\n\t\t<\/div>\n\t\t\t\t<div class=\"elementor-column elementor-col-33 elementor-inner-column elementor-element elementor-element-a35a71a animated-slow elementor-invisible\" data-id=\"a35a71a\" data-element_type=\"column\" data-settings=\"{&quot;animation&quot;:&quot;fadeInUp&quot;,&quot;animation_delay&quot;:160}\">\n\t\t\t<div class=\"elementor-widget-wrap elementor-element-populated\">\n\t\t\t\t\t\t\t\t<div class=\"elementor-element elementor-element-3aa2465 elementor-widget elementor-widget-jkit_team\" data-id=\"3aa2465\" data-element_type=\"widget\" data-widget_type=\"jkit_team.default\">\n\t\t\t\t<div class=\"elementor-widget-container\">\n\t\t\t<div  class=\"jeg-elementor-kit jkit-team style-overlay overlay-bottom jeg_module__2_69f58499e6fdd\" ><div class=\"profile-card\"><img decoding=\"async\" src=\"https:\/\/cmillar.co\/wp-content\/uploads\/2022\/09\/acabados-confecciones-millar.jpg\"  alt=\"Acabados\">\n                <div class=\"hover-area alignment-bottom\"><div class=\"profile-body\">\n                <h2 class=\"profile-title\">Finishes<\/h2>\n                <p class=\"profile-designation\"><\/p>\n                <p class=\"profile-content\">We have strategic partners that offer us finishes such as sublimation and roll or piece printing, dry cleaning, decorative ornamentation, and everything related to special effects on fabrics. <\/p>\n                <ul class=\"social-list\"><\/ul>\n            <\/div><\/div>\n            <\/div><\/div>\t\t<\/div>\n\t\t\t\t<\/div>\n\t\t\t\t\t<\/div>\n\t\t<\/div>\n\t\t\t\t\t\t\t<\/div>\n\t\t<\/section>\n\t\t\t\t<section class=\"elementor-section elementor-inner-section elementor-element elementor-element-3ab1f71 elementor-section-full_width animated-slow elementor-section-height-default elementor-section-height-default elementor-invisible\" data-id=\"3ab1f71\" data-element_type=\"section\" data-settings=\"{&quot;animation&quot;:&quot;fadeInUp&quot;}\">\n\t\t\t\t\t\t<div class=\"elementor-container elementor-column-gap-no\">\n\t\t\t\t\t<div class=\"elementor-column elementor-col-25 elementor-inner-column elementor-element elementor-element-4bc521d animated-slow elementor-invisible\" data-id=\"4bc521d\" data-element_type=\"column\" data-settings=\"{&quot;animation&quot;:&quot;fadeInUp&quot;,&quot;animation_delay&quot;:40}\">\n\t\t\t<div class=\"elementor-widget-wrap elementor-element-populated\">\n\t\t\t\t\t\t\t\t<div class=\"elementor-element elementor-element-9c16ac1 elementor-widget elementor-widget-jkit_team\" data-id=\"9c16ac1\" data-element_type=\"widget\" data-widget_type=\"jkit_team.default\">\n\t\t\t\t<div class=\"elementor-widget-container\">\n\t\t\t<div  class=\"jeg-elementor-kit jkit-team style-overlay overlay-bottom jeg_module__3_69f58499ebf34\" ><div class=\"profile-card\"><img decoding=\"async\" src=\"https:\/\/cmillar.co\/wp-content\/uploads\/2022\/09\/corte-confecciones-millar.jpg\"  alt=\"Corte\">\n                <div class=\"hover-area alignment-bottom\"><div class=\"profile-body\">\n                <h2 class=\"profile-title\">Cutting<\/h2>\n                <p class=\"profile-designation\"><\/p>\n                <p class=\"profile-content\">We have two cutting tables of our own, which allows us to cut an average of 8,400 meters per day, which equals an average of 16,000 units per day. <\/p>\n                <ul class=\"social-list\"><\/ul>\n            <\/div><\/div>\n            <\/div><\/div>\t\t<\/div>\n\t\t\t\t<\/div>\n\t\t\t\t\t<\/div>\n\t\t<\/div>\n\t\t\t\t<div class=\"elementor-column elementor-col-25 elementor-inner-column elementor-element elementor-element-9d0499a animated-slow elementor-invisible\" data-id=\"9d0499a\" data-element_type=\"column\" data-settings=\"{&quot;animation&quot;:&quot;fadeInUp&quot;,&quot;animation_delay&quot;:80}\">\n\t\t\t<div class=\"elementor-widget-wrap elementor-element-populated\">\n\t\t\t\t\t\t\t\t<div class=\"elementor-element elementor-element-ef679ed elementor-widget elementor-widget-jkit_team\" data-id=\"ef679ed\" data-element_type=\"widget\" data-widget_type=\"jkit_team.default\">\n\t\t\t\t<div class=\"elementor-widget-container\">\n\t\t\t<div  class=\"jeg-elementor-kit jkit-team style-overlay overlay-bottom jeg_module__4_69f58499f1340\" ><div class=\"profile-card\"><img decoding=\"async\" src=\"https:\/\/cmillar.co\/wp-content\/uploads\/2022\/09\/confeccion-confecciones-millar.jpg\"  alt=\"Confecci\u00f3n\">\n                <div class=\"hover-area alignment-bottom\"><div class=\"profile-body\">\n                <h2 class=\"profile-title\">Making<\/h2>\n                <p class=\"profile-designation\"><\/p>\n                <p class=\"profile-content\">We have our own facility of 25 modules (310 people) with experience in flat and circular knitting, with high-tech and sustainable machinery, which allows us to guarantee the production of 22 thousand units per day.<\/p>\n                <ul class=\"social-list\"><\/ul>\n            <\/div><\/div>\n            <\/div><\/div>\t\t<\/div>\n\t\t\t\t<\/div>\n\t\t\t\t\t<\/div>\n\t\t<\/div>\n\t\t\t\t<div class=\"elementor-column elementor-col-25 elementor-inner-column elementor-element elementor-element-a11ddcd animated-slow elementor-invisible\" data-id=\"a11ddcd\" data-element_type=\"column\" data-settings=\"{&quot;animation&quot;:&quot;fadeInUp&quot;,&quot;animation_delay&quot;:120}\">\n\t\t\t<div class=\"elementor-widget-wrap elementor-element-populated\">\n\t\t\t\t\t\t\t\t<div class=\"elementor-element elementor-element-0630069 elementor-widget elementor-widget-jkit_team\" data-id=\"0630069\" data-element_type=\"widget\" data-widget_type=\"jkit_team.default\">\n\t\t\t\t<div class=\"elementor-widget-container\">\n\t\t\t<div  class=\"jeg-elementor-kit jkit-team style-overlay overlay-bottom jeg_module__5_69f5849a0184a\" ><div class=\"profile-card\"><img decoding=\"async\" src=\"https:\/\/cmillar.co\/wp-content\/uploads\/2022\/09\/calidad-y-empaque-confecciones-millar.jpg\"  alt=\"Calidad y Empaque\">\n                <div class=\"hover-area alignment-bottom\"><div class=\"profile-body\">\n                <h2 class=\"profile-title\">Quality and Packaging<\/h2>\n                <p class=\"profile-designation\"><\/p>\n                <p class=\"profile-content\">Our quality control and packaging area, made up of 50 people, allows us to give that final finish so that the garments meet our customers standards. Our capacity is around 20,000 units per day on average.<\/p>\n                <ul class=\"social-list\"><\/ul>\n            <\/div><\/div>\n            <\/div><\/div>\t\t<\/div>\n\t\t\t\t<\/div>\n\t\t\t\t\t<\/div>\n\t\t<\/div>\n\t\t\t\t<div class=\"elementor-column elementor-col-25 elementor-inner-column elementor-element elementor-element-ea502a0 animated-slow elementor-invisible\" data-id=\"ea502a0\" data-element_type=\"column\" data-settings=\"{&quot;animation&quot;:&quot;fadeInUp&quot;,&quot;animation_delay&quot;:160}\">\n\t\t\t<div class=\"elementor-widget-wrap elementor-element-populated\">\n\t\t\t\t\t\t\t\t<div class=\"elementor-element elementor-element-bc6bc36 elementor-widget elementor-widget-jkit_team\" data-id=\"bc6bc36\" data-element_type=\"widget\" data-widget_type=\"jkit_team.default\">\n\t\t\t\t<div class=\"elementor-widget-container\">\n\t\t\t<div  class=\"jeg-elementor-kit jkit-team style-overlay overlay-bottom jeg_module__6_69f5849a05a57\" ><div class=\"profile-card\"><img decoding=\"async\" src=\"https:\/\/cmillar.co\/wp-content\/uploads\/2022\/09\/exportaciones-confecciones-millar.jpg\"  alt=\"Exportaciones\">\n                <div class=\"hover-area alignment-bottom\"><div class=\"profile-body\">\n                <h2 class=\"profile-title\">Exports<\/h2>\n                <p class=\"profile-designation\"><\/p>\n                <p class=\"profile-content\">We make direct cargo exports to 5 countries: Ecuador, Peru, Guatemala, Costa Rica, and Chile. With more than 5 years of experience in these processes and policies, we can guarantee this type of service to any other zone. <\/p>\n                <ul class=\"social-list\"><\/ul>\n            <\/div><\/div>\n            <\/div><\/div>\t\t<\/div>\n\t\t\t\t<\/div>\n\t\t\t\t\t<\/div>\n\t\t<\/div>\n\t\t\t\t\t\t\t<\/div>\n\t\t<\/section>\n\t\t\t\t\t<\/div>\n\t\t<\/div>\n\t\t\t\t\t\t\t<\/div>\n\t\t<\/section>\n\t\t\t\t<section class=\"elementor-section elementor-top-section elementor-element elementor-element-cfae46f elementor-hidden-tablet elementor-hidden-mobile elementor-section-boxed elementor-section-height-default elementor-section-height-default\" data-id=\"cfae46f\" data-element_type=\"section\" data-settings=\"{&quot;background_background&quot;:&quot;classic&quot;}\">\n\t\t\t\t\t\t\t<div class=\"elementor-background-overlay\"><\/div>\n\t\t\t\t\t\t\t<div class=\"elementor-container elementor-column-gap-default\">\n\t\t\t\t\t<div class=\"elementor-column elementor-col-50 elementor-top-column elementor-element elementor-element-7ea3362 animated-slow elementor-invisible\" data-id=\"7ea3362\" data-element_type=\"column\" data-settings=\"{&quot;animation&quot;:&quot;fadeInLeft&quot;}\">\n\t\t\t<div class=\"elementor-widget-wrap elementor-element-populated\">\n\t\t\t\t\t\t\t\t<div class=\"elementor-element elementor-element-2979269 elementor-widget elementor-widget-heading\" data-id=\"2979269\" data-element_type=\"widget\" data-widget_type=\"heading.default\">\n\t\t\t\t<div class=\"elementor-widget-container\">\n\t\t\t<h2 class=\"elementor-heading-title elementor-size-default\">Do you want a customized textile project? Contact us now.\n<\/h2>\t\t<\/div>\n\t\t\t\t<\/div>\n\t\t\t\t<div class=\"elementor-element elementor-element-3dab988 elementor-widget elementor-widget-text-editor\" data-id=\"3dab988\" data-element_type=\"widget\" data-widget_type=\"text-editor.default\">\n\t\t\t\t<div class=\"elementor-widget-container\">\n\t\t\t\t\t\t\t<p>We are a company with more than 35 years of experience in the textile industry, which allows us to handle excellent delivery times and quality, without losing sight of the social, environmental, and economic responsibility towards our employees and strategic associates.<\/p>\t\t\t\t\t\t<\/div>\n\t\t\t\t<\/div>\n\t\t\t\t<div class=\"elementor-element elementor-element-518ddcb elementor-align-left elementor-mobile-align-center elementor-widget elementor-widget-button\" data-id=\"518ddcb\" data-element_type=\"widget\" data-widget_type=\"button.default\">\n\t\t\t\t<div class=\"elementor-widget-container\">\n\t\t\t\t\t<div class=\"elementor-button-wrapper\">\n\t\t\t<a href=\"https:\/\/cmillar.co\/en\/contactanos\/\" class=\"elementor-button-link elementor-button elementor-size-sm\" role=\"button\">\n\t\t\t\t\t\t<span class=\"elementor-button-content-wrapper\">\n\t\t\t\t\t\t<span class=\"elementor-button-text\">Contact us<\/span>\n\t\t<\/span>\n\t\t\t\t\t<\/a>\n\t\t<\/div>\n\t\t\t\t<\/div>\n\t\t\t\t<\/div>\n\t\t\t\t\t<\/div>\n\t\t<\/div>\n\t\t\t\t<div class=\"elementor-column elementor-col-50 elementor-top-column elementor-element elementor-element-cc48087 elementor-hidden-phone\" data-id=\"cc48087\" data-element_type=\"column\">\n\t\t\t<div class=\"elementor-widget-wrap\">\n\t\t\t\t\t\t\t\t\t<\/div>\n\t\t<\/div>\n\t\t\t\t\t\t\t<\/div>\n\t\t<\/section>\n\t\t\t\t<section class=\"elementor-section elementor-top-section elementor-element elementor-element-b3c40ab elementor-hidden-desktop elementor-hidden-tablet elementor-section-boxed elementor-section-height-default elementor-section-height-default\" data-id=\"b3c40ab\" data-element_type=\"section\" data-settings=\"{&quot;background_background&quot;:&quot;classic&quot;}\">\n\t\t\t\t\t\t\t<div class=\"elementor-background-overlay\"><\/div>\n\t\t\t\t\t\t\t<div class=\"elementor-container elementor-column-gap-default\">\n\t\t\t\t\t<div class=\"elementor-column elementor-col-50 elementor-top-column elementor-element elementor-element-3a151e0 animated-slow elementor-invisible\" data-id=\"3a151e0\" data-element_type=\"column\" data-settings=\"{&quot;animation&quot;:&quot;fadeInLeft&quot;}\">\n\t\t\t<div class=\"elementor-widget-wrap elementor-element-populated\">\n\t\t\t\t\t\t\t\t<div class=\"elementor-element elementor-element-beac51c elementor-widget elementor-widget-heading\" data-id=\"beac51c\" data-element_type=\"widget\" data-widget_type=\"heading.default\">\n\t\t\t\t<div class=\"elementor-widget-container\">\n\t\t\t<h2 class=\"elementor-heading-title elementor-size-default\">Do you want a customized textile project? Contact us now.\n<\/h2>\t\t<\/div>\n\t\t\t\t<\/div>\n\t\t\t\t<div class=\"elementor-element elementor-element-7de885b elementor-widget elementor-widget-text-editor\" data-id=\"7de885b\" data-element_type=\"widget\" data-widget_type=\"text-editor.default\">\n\t\t\t\t<div class=\"elementor-widget-container\">\n\t\t\t\t\t\t\t<p>We are a company with more than 35 years of experience in the textile industry, which allows us to handle excellent delivery times and quality, without losing sight of the social, environmental, and economic responsibility towards our employees and strategic associates.<\/p>\t\t\t\t\t\t<\/div>\n\t\t\t\t<\/div>\n\t\t\t\t<div class=\"elementor-element elementor-element-d8df90b elementor-align-left elementor-mobile-align-center elementor-widget elementor-widget-button\" data-id=\"d8df90b\" data-element_type=\"widget\" data-widget_type=\"button.default\">\n\t\t\t\t<div class=\"elementor-widget-container\">\n\t\t\t\t\t<div class=\"elementor-button-wrapper\">\n\t\t\t<a href=\"https:\/\/cmillar.co\/en\/contactanos\/\" class=\"elementor-button-link elementor-button elementor-size-sm\" role=\"button\">\n\t\t\t\t\t\t<span class=\"elementor-button-content-wrapper\">\n\t\t\t\t\t\t<span class=\"elementor-button-text\">Contact us<\/span>\n\t\t<\/span>\n\t\t\t\t\t<\/a>\n\t\t<\/div>\n\t\t\t\t<\/div>\n\t\t\t\t<\/div>\n\t\t\t\t\t<\/div>\n\t\t<\/div>\n\t\t\t\t<div class=\"elementor-column elementor-col-50 elementor-top-column elementor-element elementor-element-b6ceb5a elementor-hidden-phone\" data-id=\"b6ceb5a\" data-element_type=\"column\">\n\t\t\t<div class=\"elementor-widget-wrap\">\n\t\t\t\t\t\t\t\t\t<\/div>\n\t\t<\/div>\n\t\t\t\t\t\t\t<\/div>\n\t\t<\/section>\n\t\t\t\t\t\t\t<\/div>","protected":false},"excerpt":{"rendered":"<p>Paquete completo Nuestro paquete completo 400.000 UNIDADES POR MES Patronaje y desarrollo Nuestro equipo de trabajo inicia el proceso desde los insumos y materias primas, hasta la consolidaci\u00f3n de la prenda f\u00edsica seg\u00fan las necesidades y respetando las pol\u00edticas de la marca. Telas e Insumos Contamos con socios estrat\u00e9gicos que nos permite tener repuesta r\u00e1pidas &hellip;<\/p>\n<p class=\"read-more\"> <a class=\"\" href=\"https:\/\/cmillar.co\/en\/paquete-completo\/\"> <span class=\"screen-reader-text\">Full Package<\/span> Read More &raquo;<\/a><\/p>","protected":false},"author":1,"featured_media":0,"parent":0,"menu_order":0,"comment_status":"closed","ping_status":"closed","template":"","meta":{"site-sidebar-layout":"no-sidebar","site-content-layout":"page-builder","ast-global-header-display":"","ast-main-header-display":"","ast-hfb-above-header-display":"","ast-hfb-below-header-display":"","ast-hfb-mobile-header-display":"","site-post-title":"disabled","ast-breadcrumbs-content":"","ast-featured-img":"disabled","footer-sml-layout":"","theme-transparent-header-meta":"","adv-header-id-meta":"","stick-header-meta":"","header-above-stick-meta":"","header-main-stick-meta":"","header-below-stick-meta":"","footnotes":""},"class_list":["post-284","page","type-page","status-publish","hentry"],"_links":{"self":[{"href":"https:\/\/cmillar.co\/en\/wp-json\/wp\/v2\/pages\/284","targetHints":{"allow":["GET"]}}],"collection":[{"href":"https:\/\/cmillar.co\/en\/wp-json\/wp\/v2\/pages"}],"about":[{"href":"https:\/\/cmillar.co\/en\/wp-json\/wp\/v2\/types\/page"}],"author":[{"embeddable":true,"href":"https:\/\/cmillar.co\/en\/wp-json\/wp\/v2\/users\/1"}],"replies":[{"embeddable":true,"href":"https:\/\/cmillar.co\/en\/wp-json\/wp\/v2\/comments?post=284"}],"version-history":[{"count":136,"href":"https:\/\/cmillar.co\/en\/wp-json\/wp\/v2\/pages\/284\/revisions"}],"predecessor-version":[{"id":1835,"href":"https:\/\/cmillar.co\/en\/wp-json\/wp\/v2\/pages\/284\/revisions\/1835"}],"wp:attachment":[{"href":"https:\/\/cmillar.co\/en\/wp-json\/wp\/v2\/media?parent=284"}],"curies":[{"name":"wp","href":"https:\/\/api.w.org\/{rel}","templated":true}]}}