{"id":1258,"date":"2022-07-04T20:01:47","date_gmt":"2022-07-05T01:01:47","guid":{"rendered":"https:\/\/cmillar.co\/?page_id=1258"},"modified":"2022-09-23T13:05:32","modified_gmt":"2022-09-23T18:05:32","slug":"maquila-2","status":"publish","type":"page","link":"https:\/\/cmillar.co\/en\/maquila-2\/","title":{"rendered":"Maquila"},"content":{"rendered":"<div data-elementor-type=\"wp-page\" data-elementor-id=\"1258\" class=\"elementor elementor-1258\">\n\t\t\t\t\t\t\t\t\t<section class=\"elementor-section elementor-top-section elementor-element elementor-element-542f972 elementor-section-boxed elementor-section-height-default elementor-section-height-default\" data-id=\"542f972\" data-element_type=\"section\" data-settings=\"{&quot;background_background&quot;:&quot;classic&quot;}\">\n\t\t\t\t\t\t\t<div class=\"elementor-background-overlay\"><\/div>\n\t\t\t\t\t\t\t<div class=\"elementor-container elementor-column-gap-default\">\n\t\t\t\t\t<div class=\"elementor-column elementor-col-100 elementor-top-column elementor-element elementor-element-ef09a02\" data-id=\"ef09a02\" data-element_type=\"column\">\n\t\t\t<div class=\"elementor-widget-wrap elementor-element-populated\">\n\t\t\t\t\t\t\t\t<section class=\"elementor-section elementor-inner-section elementor-element elementor-element-0cbfc55 elementor-section-boxed elementor-section-height-default elementor-section-height-default\" data-id=\"0cbfc55\" data-element_type=\"section\">\n\t\t\t\t\t\t<div class=\"elementor-container elementor-column-gap-default\">\n\t\t\t\t\t<div class=\"elementor-column elementor-col-100 elementor-inner-column elementor-element elementor-element-13cf9db\" data-id=\"13cf9db\" data-element_type=\"column\" data-settings=\"{&quot;background_background&quot;:&quot;classic&quot;}\">\n\t\t\t<div class=\"elementor-widget-wrap elementor-element-populated\">\n\t\t\t\t\t\t\t\t<div class=\"elementor-element elementor-element-446a1bf elementor-widget elementor-widget-heading\" data-id=\"446a1bf\" data-element_type=\"widget\" data-widget_type=\"heading.default\">\n\t\t\t\t<div class=\"elementor-widget-container\">\n\t\t\t<style>\/*! elementor - v3.13.1 - 09-05-2023 *\/\n.elementor-heading-title{padding:0;margin:0;line-height:1}.elementor-widget-heading .elementor-heading-title[class*=elementor-size-]>a{color:inherit;font-size:inherit;line-height:inherit}.elementor-widget-heading .elementor-heading-title.elementor-size-small{font-size:15px}.elementor-widget-heading .elementor-heading-title.elementor-size-medium{font-size:19px}.elementor-widget-heading .elementor-heading-title.elementor-size-large{font-size:29px}.elementor-widget-heading .elementor-heading-title.elementor-size-xl{font-size:39px}.elementor-widget-heading .elementor-heading-title.elementor-size-xxl{font-size:59px}<\/style><h2 class=\"elementor-heading-title elementor-size-default\">Maquila<\/h2>\t\t<\/div>\n\t\t\t\t<\/div>\n\t\t\t\t\t<\/div>\n\t\t<\/div>\n\t\t\t\t\t\t\t<\/div>\n\t\t<\/section>\n\t\t\t\t\t<\/div>\n\t\t<\/div>\n\t\t\t\t\t\t\t<\/div>\n\t\t<\/section>\n\t\t\t\t<section class=\"elementor-section elementor-top-section elementor-element elementor-element-1567fc8 elementor-section-full_width elementor-section-height-default elementor-section-height-default\" data-id=\"1567fc8\" data-element_type=\"section\">\n\t\t\t\t\t\t<div class=\"elementor-container elementor-column-gap-default\">\n\t\t\t\t\t<div class=\"elementor-column elementor-col-100 elementor-top-column elementor-element elementor-element-43237f7\" data-id=\"43237f7\" data-element_type=\"column\">\n\t\t\t<div class=\"elementor-widget-wrap elementor-element-populated\">\n\t\t\t\t\t\t\t\t<div class=\"elementor-element elementor-element-6e3df05 elementor-widget elementor-widget-heading\" data-id=\"6e3df05\" data-element_type=\"widget\" data-widget_type=\"heading.default\">\n\t\t\t\t<div class=\"elementor-widget-container\">\n\t\t\t<h2 class=\"elementor-heading-title elementor-size-default\">Stages<\/h2>\t\t<\/div>\n\t\t\t\t<\/div>\n\t\t\t\t<section class=\"elementor-section elementor-inner-section elementor-element elementor-element-e78811f elementor-section-full_width animated-slow elementor-section-height-default elementor-section-height-default elementor-invisible\" data-id=\"e78811f\" data-element_type=\"section\" data-settings=\"{&quot;animation&quot;:&quot;fadeInUp&quot;}\">\n\t\t\t\t\t\t<div class=\"elementor-container elementor-column-gap-no\">\n\t\t\t\t\t<div class=\"elementor-column elementor-col-50 elementor-inner-column elementor-element elementor-element-016b5e7 animated-slow elementor-invisible\" data-id=\"016b5e7\" data-element_type=\"column\" data-settings=\"{&quot;animation&quot;:&quot;fadeInUp&quot;,&quot;animation_delay&quot;:40}\">\n\t\t\t<div class=\"elementor-widget-wrap elementor-element-populated\">\n\t\t\t\t\t\t\t\t<div class=\"elementor-element elementor-element-1bd6636 elementor-widget elementor-widget-jkit_team\" data-id=\"1bd6636\" data-element_type=\"widget\" data-widget_type=\"jkit_team.default\">\n\t\t\t\t<div class=\"elementor-widget-container\">\n\t\t\t<div  class=\"jeg-elementor-kit jkit-team style-overlay overlay-bottom jeg_module___69f584c95ed78\" ><div class=\"profile-card\"><img decoding=\"async\" src=\"https:\/\/cmillar.co\/wp-content\/uploads\/2022\/09\/cotizacion-confecciones-millar-colombia.jpg\"  alt=\"Cotizaci\u00f3n\">\n                <div class=\"hover-area alignment-bottom\"><div class=\"profile-body\">\n                <h3 class=\"profile-title\">Quote<\/h3>\n                <p class=\"profile-designation\"><\/p>\n                <p class=\"profile-content\">It is important to know the needs and policies of each client in order to coordinate delivery times.<\/p>\n                <ul class=\"social-list\"><\/ul>\n            <\/div><\/div>\n            <\/div><\/div>\t\t<\/div>\n\t\t\t\t<\/div>\n\t\t\t\t\t<\/div>\n\t\t<\/div>\n\t\t\t\t<div class=\"elementor-column elementor-col-50 elementor-inner-column elementor-element elementor-element-31fd768 animated-slow elementor-invisible\" data-id=\"31fd768\" data-element_type=\"column\" data-settings=\"{&quot;animation&quot;:&quot;fadeInUp&quot;,&quot;animation_delay&quot;:120}\">\n\t\t\t<div class=\"elementor-widget-wrap elementor-element-populated\">\n\t\t\t\t\t\t\t\t<div class=\"elementor-element elementor-element-8b0455b elementor-widget elementor-widget-jkit_team\" data-id=\"8b0455b\" data-element_type=\"widget\" data-widget_type=\"jkit_team.default\">\n\t\t\t\t<div class=\"elementor-widget-container\">\n\t\t\t<div  class=\"jeg-elementor-kit jkit-team style-overlay overlay-bottom jeg_module__1_69f584c9654d8\" ><div class=\"profile-card\"><img decoding=\"async\" src=\"https:\/\/cmillar.co\/wp-content\/uploads\/2022\/09\/recepcion-de-mercancia-confecciones-millar.jpg\"  alt=\"Recepci\u00f3n de la mercanc\u00eda \">\n                <div class=\"hover-area alignment-bottom\"><div class=\"profile-body\">\n                <h2 class=\"profile-title\">Reception of the merchandise <\/h2>\n                <p class=\"profile-designation\"><\/p>\n                <p class=\"profile-content\">We have an area for the verification and organization of each customer's inputs and raw materials to ensure their proper condition. <\/p>\n                <ul class=\"social-list\"><\/ul>\n            <\/div><\/div>\n            <\/div><\/div>\t\t<\/div>\n\t\t\t\t<\/div>\n\t\t\t\t\t<\/div>\n\t\t<\/div>\n\t\t\t\t\t\t\t<\/div>\n\t\t<\/section>\n\t\t\t\t<section class=\"elementor-section elementor-inner-section elementor-element elementor-element-82324ea elementor-section-full_width animated-slow elementor-section-height-default elementor-section-height-default elementor-invisible\" data-id=\"82324ea\" data-element_type=\"section\" data-settings=\"{&quot;animation&quot;:&quot;fadeInUp&quot;}\">\n\t\t\t\t\t\t<div class=\"elementor-container elementor-column-gap-no\">\n\t\t\t\t\t<div class=\"elementor-column elementor-col-50 elementor-inner-column elementor-element elementor-element-16fb310 animated-slow elementor-invisible\" data-id=\"16fb310\" data-element_type=\"column\" data-settings=\"{&quot;animation&quot;:&quot;fadeInUp&quot;,&quot;animation_delay&quot;:40}\">\n\t\t\t<div class=\"elementor-widget-wrap elementor-element-populated\">\n\t\t\t\t\t\t\t\t<div class=\"elementor-element elementor-element-c51ad0e elementor-widget elementor-widget-jkit_team\" data-id=\"c51ad0e\" data-element_type=\"widget\" data-widget_type=\"jkit_team.default\">\n\t\t\t\t<div class=\"elementor-widget-container\">\n\t\t\t<div  class=\"jeg-elementor-kit jkit-team style-overlay overlay-bottom jeg_module__2_69f584c96a4ce\" ><div class=\"profile-card\"><img decoding=\"async\" src=\"https:\/\/cmillar.co\/wp-content\/uploads\/2022\/09\/confeccion-colombia-confecciones-millar-colombia.jpg\"  alt=\"Confecci\u00f3n \">\n                <div class=\"hover-area alignment-bottom\"><div class=\"profile-body\">\n                <h2 class=\"profile-title\">Making <\/h2>\n                <p class=\"profile-designation\"><\/p>\n                <p class=\"profile-content\">We have 26 production modules of our own, which allows us to meet the expectations and commitments of our customers. Delivery times depend on the volume and the process to be carried out. <\/p>\n                <ul class=\"social-list\"><\/ul>\n            <\/div><\/div>\n            <\/div><\/div>\t\t<\/div>\n\t\t\t\t<\/div>\n\t\t\t\t\t<\/div>\n\t\t<\/div>\n\t\t\t\t<div class=\"elementor-column elementor-col-50 elementor-inner-column elementor-element elementor-element-3232708 animated-slow elementor-invisible\" data-id=\"3232708\" data-element_type=\"column\" data-settings=\"{&quot;animation&quot;:&quot;fadeInUp&quot;,&quot;animation_delay&quot;:80}\">\n\t\t\t<div class=\"elementor-widget-wrap elementor-element-populated\">\n\t\t\t\t\t\t\t\t<div class=\"elementor-element elementor-element-e3dcca4 elementor-widget elementor-widget-jkit_team\" data-id=\"e3dcca4\" data-element_type=\"widget\" data-widget_type=\"jkit_team.default\">\n\t\t\t\t<div class=\"elementor-widget-container\">\n\t\t\t<div  class=\"jeg-elementor-kit jkit-team style-overlay overlay-bottom jeg_module__3_69f584c96e161\" ><div class=\"profile-card\"><img decoding=\"async\" src=\"https:\/\/cmillar.co\/wp-content\/uploads\/2022\/09\/calidad-y-despachos-conefecciones-millar.jpg\"  alt=\"Calidad y despachos\">\n                <div class=\"hover-area alignment-bottom\"><div class=\"profile-body\">\n                <h2 class=\"profile-title\">Quality and shipping<\/h2>\n                <p class=\"profile-designation\"><\/p>\n                <p class=\"profile-content\">1 to 2 business days. We comply with the current regulations for the national and international dispatch of merchandise. Additionally, we have an area with more than 50 people for finishing and packaging according to the needs of our clients.<\/p>\n                <ul class=\"social-list\"><\/ul>\n            <\/div><\/div>\n            <\/div><\/div>\t\t<\/div>\n\t\t\t\t<\/div>\n\t\t\t\t\t<\/div>\n\t\t<\/div>\n\t\t\t\t\t\t\t<\/div>\n\t\t<\/section>\n\t\t\t\t\t<\/div>\n\t\t<\/div>\n\t\t\t\t\t\t\t<\/div>\n\t\t<\/section>\n\t\t\t\t<section class=\"elementor-section elementor-top-section elementor-element elementor-element-71a9aaf elementor-hidden-tablet elementor-hidden-mobile elementor-section-boxed elementor-section-height-default elementor-section-height-default\" data-id=\"71a9aaf\" data-element_type=\"section\" data-settings=\"{&quot;background_background&quot;:&quot;classic&quot;}\">\n\t\t\t\t\t\t\t<div class=\"elementor-background-overlay\"><\/div>\n\t\t\t\t\t\t\t<div class=\"elementor-container elementor-column-gap-default\">\n\t\t\t\t\t<div class=\"elementor-column elementor-col-50 elementor-top-column elementor-element elementor-element-0d94776 animated-slow elementor-invisible\" data-id=\"0d94776\" data-element_type=\"column\" data-settings=\"{&quot;animation&quot;:&quot;fadeInLeft&quot;}\">\n\t\t\t<div class=\"elementor-widget-wrap elementor-element-populated\">\n\t\t\t\t\t\t\t\t<div class=\"elementor-element elementor-element-2267492 elementor-widget elementor-widget-heading\" data-id=\"2267492\" data-element_type=\"widget\" data-widget_type=\"heading.default\">\n\t\t\t\t<div class=\"elementor-widget-container\">\n\t\t\t<h2 class=\"elementor-heading-title elementor-size-default\">Do you want a customized textile project? Contact us now.\n<\/h2>\t\t<\/div>\n\t\t\t\t<\/div>\n\t\t\t\t<div class=\"elementor-element elementor-element-599e408 elementor-widget elementor-widget-text-editor\" data-id=\"599e408\" data-element_type=\"widget\" data-widget_type=\"text-editor.default\">\n\t\t\t\t<div class=\"elementor-widget-container\">\n\t\t\t<style>\/*! elementor - v3.13.1 - 09-05-2023 *\/\n.elementor-widget-text-editor.elementor-drop-cap-view-stacked .elementor-drop-cap{background-color:#69727d;color:#fff}.elementor-widget-text-editor.elementor-drop-cap-view-framed .elementor-drop-cap{color:#69727d;border:3px solid;background-color:transparent}.elementor-widget-text-editor:not(.elementor-drop-cap-view-default) .elementor-drop-cap{margin-top:8px}.elementor-widget-text-editor:not(.elementor-drop-cap-view-default) .elementor-drop-cap-letter{width:1em;height:1em}.elementor-widget-text-editor .elementor-drop-cap{float:left;text-align:center;line-height:1;font-size:50px}.elementor-widget-text-editor .elementor-drop-cap-letter{display:inline-block}<\/style>\t\t\t\t<p>We are a company with more than 35 years of experience in the textile industry, which allows us to handle excellent delivery times and quality, without losing sight of the social, environmental, and economic responsibility towards our employees and strategic associates.<\/p>\t\t\t\t\t\t<\/div>\n\t\t\t\t<\/div>\n\t\t\t\t<div class=\"elementor-element elementor-element-c73c571 elementor-align-left elementor-mobile-align-center elementor-widget elementor-widget-button\" data-id=\"c73c571\" data-element_type=\"widget\" data-widget_type=\"button.default\">\n\t\t\t\t<div class=\"elementor-widget-container\">\n\t\t\t\t\t<div class=\"elementor-button-wrapper\">\n\t\t\t<a href=\"https:\/\/cmillar.co\/en\/contactanos\/\" class=\"elementor-button-link elementor-button elementor-size-sm\" role=\"button\">\n\t\t\t\t\t\t<span class=\"elementor-button-content-wrapper\">\n\t\t\t\t\t\t<span class=\"elementor-button-text\">Contact us<\/span>\n\t\t<\/span>\n\t\t\t\t\t<\/a>\n\t\t<\/div>\n\t\t\t\t<\/div>\n\t\t\t\t<\/div>\n\t\t\t\t\t<\/div>\n\t\t<\/div>\n\t\t\t\t<div class=\"elementor-column elementor-col-50 elementor-top-column elementor-element elementor-element-b172394 elementor-hidden-phone\" data-id=\"b172394\" data-element_type=\"column\">\n\t\t\t<div class=\"elementor-widget-wrap\">\n\t\t\t\t\t\t\t\t\t<\/div>\n\t\t<\/div>\n\t\t\t\t\t\t\t<\/div>\n\t\t<\/section>\n\t\t\t\t<section class=\"elementor-section elementor-top-section elementor-element elementor-element-faa6739 elementor-hidden-desktop elementor-hidden-tablet elementor-section-boxed elementor-section-height-default elementor-section-height-default\" data-id=\"faa6739\" data-element_type=\"section\" data-settings=\"{&quot;background_background&quot;:&quot;classic&quot;}\">\n\t\t\t\t\t\t\t<div class=\"elementor-background-overlay\"><\/div>\n\t\t\t\t\t\t\t<div class=\"elementor-container elementor-column-gap-default\">\n\t\t\t\t\t<div class=\"elementor-column elementor-col-50 elementor-top-column elementor-element elementor-element-0d1dc80 animated-slow elementor-invisible\" data-id=\"0d1dc80\" data-element_type=\"column\" data-settings=\"{&quot;animation&quot;:&quot;fadeInLeft&quot;}\">\n\t\t\t<div class=\"elementor-widget-wrap elementor-element-populated\">\n\t\t\t\t\t\t\t\t<div class=\"elementor-element elementor-element-e1f4eed elementor-widget elementor-widget-heading\" data-id=\"e1f4eed\" data-element_type=\"widget\" data-widget_type=\"heading.default\">\n\t\t\t\t<div class=\"elementor-widget-container\">\n\t\t\t<h2 class=\"elementor-heading-title elementor-size-default\">Do you want a customized textile project? Contact us now.\n<\/h2>\t\t<\/div>\n\t\t\t\t<\/div>\n\t\t\t\t<div class=\"elementor-element elementor-element-c5eacc3 elementor-widget elementor-widget-text-editor\" data-id=\"c5eacc3\" data-element_type=\"widget\" data-widget_type=\"text-editor.default\">\n\t\t\t\t<div class=\"elementor-widget-container\">\n\t\t\t\t\t\t\t<p>We are a company with more than 35 years of experience in the textile industry, which allows us to handle excellent delivery times and quality, without losing sight of the social, environmental, and economic responsibility towards our employees and strategic associates.<\/p>\t\t\t\t\t\t<\/div>\n\t\t\t\t<\/div>\n\t\t\t\t<div class=\"elementor-element elementor-element-5860d20 elementor-align-left elementor-mobile-align-center elementor-widget elementor-widget-button\" data-id=\"5860d20\" data-element_type=\"widget\" data-widget_type=\"button.default\">\n\t\t\t\t<div class=\"elementor-widget-container\">\n\t\t\t\t\t<div class=\"elementor-button-wrapper\">\n\t\t\t<a href=\"https:\/\/cmillar.co\/en\/contactanos\/\" class=\"elementor-button-link elementor-button elementor-size-sm\" role=\"button\">\n\t\t\t\t\t\t<span class=\"elementor-button-content-wrapper\">\n\t\t\t\t\t\t<span class=\"elementor-button-text\">Contact us<\/span>\n\t\t<\/span>\n\t\t\t\t\t<\/a>\n\t\t<\/div>\n\t\t\t\t<\/div>\n\t\t\t\t<\/div>\n\t\t\t\t\t<\/div>\n\t\t<\/div>\n\t\t\t\t<div class=\"elementor-column elementor-col-50 elementor-top-column elementor-element elementor-element-a8a6213 elementor-hidden-phone\" data-id=\"a8a6213\" data-element_type=\"column\">\n\t\t\t<div class=\"elementor-widget-wrap\">\n\t\t\t\t\t\t\t\t\t<\/div>\n\t\t<\/div>\n\t\t\t\t\t\t\t<\/div>\n\t\t<\/section>\n\t\t\t\t\t\t\t<\/div>","protected":false},"excerpt":{"rendered":"<p>Maquila Etapas Cotizaci\u00f3n Es importante conocer las necesidades y pol\u00edticas propias de cada cliente, para poder coordinar los tiempos de entrega. Recepci\u00f3n de la mercanc\u00eda Tenemos una zona para la verificaci\u00f3n y organizaci\u00f3n de los insumos y materias primas de cada cliente, para poder garantizar as\u00ed su correcto estado. Confecci\u00f3n Contamos con 26 m\u00f3dulos propios &hellip;<\/p>\n<p class=\"read-more\"> <a class=\"\" href=\"https:\/\/cmillar.co\/en\/maquila-2\/\"> <span class=\"screen-reader-text\">Maquila<\/span> Read More &raquo;<\/a><\/p>","protected":false},"author":1,"featured_media":0,"parent":0,"menu_order":0,"comment_status":"closed","ping_status":"closed","template":"","meta":{"site-sidebar-layout":"no-sidebar","site-content-layout":"page-builder","ast-global-header-display":"","ast-main-header-display":"","ast-hfb-above-header-display":"","ast-hfb-below-header-display":"","ast-hfb-mobile-header-display":"","site-post-title":"disabled","ast-breadcrumbs-content":"","ast-featured-img":"disabled","footer-sml-layout":"","theme-transparent-header-meta":"","adv-header-id-meta":"","stick-header-meta":"","header-above-stick-meta":"","header-main-stick-meta":"","header-below-stick-meta":"","footnotes":""},"class_list":["post-1258","page","type-page","status-publish","hentry"],"_links":{"self":[{"href":"https:\/\/cmillar.co\/en\/wp-json\/wp\/v2\/pages\/1258","targetHints":{"allow":["GET"]}}],"collection":[{"href":"https:\/\/cmillar.co\/en\/wp-json\/wp\/v2\/pages"}],"about":[{"href":"https:\/\/cmillar.co\/en\/wp-json\/wp\/v2\/types\/page"}],"author":[{"embeddable":true,"href":"https:\/\/cmillar.co\/en\/wp-json\/wp\/v2\/users\/1"}],"replies":[{"embeddable":true,"href":"https:\/\/cmillar.co\/en\/wp-json\/wp\/v2\/comments?post=1258"}],"version-history":[{"count":82,"href":"https:\/\/cmillar.co\/en\/wp-json\/wp\/v2\/pages\/1258\/revisions"}],"predecessor-version":[{"id":1669,"href":"https:\/\/cmillar.co\/en\/wp-json\/wp\/v2\/pages\/1258\/revisions\/1669"}],"wp:attachment":[{"href":"https:\/\/cmillar.co\/en\/wp-json\/wp\/v2\/media?parent=1258"}],"curies":[{"name":"wp","href":"https:\/\/api.w.org\/{rel}","templated":true}]}}